{"id":594,"date":"2022-09-23T12:51:01","date_gmt":"2022-09-23T11:51:01","guid":{"rendered":"https:\/\/staging.tannwestlake.net\/rhokett\/home\/"},"modified":"2025-10-30T09:16:07","modified_gmt":"2025-10-30T09:16:07","slug":"home","status":"publish","type":"page","link":"https:\/\/www.rhokett.co.uk\/fr\/","title":{"rendered":"Page d&#8217;accueil"},"content":{"rendered":"\n\n<section class=\"banner t-center\">\n            <div class=\"banner__slide is-active\" data-slide-index=\"0\" style=\"background-image: url(https:\/\/www.rhokett.co.uk\/wp-content\/uploads\/2025\/09\/Home-Hero-Cheesecake.jpg);\"><\/div><div class=\"banner__slide\" data-slide-index=\"1\" style=\"background-image: url(https:\/\/www.rhokett.co.uk\/wp-content\/uploads\/2025\/09\/Home-Hero-CarrotCake.jpg);\"><\/div><div class=\"banner__slide\" data-slide-index=\"2\" style=\"background-image: url(https:\/\/www.rhokett.co.uk\/wp-content\/uploads\/2025\/09\/Home-Hero-ChocolateBrownies.jpg);\"><\/div><div class=\"banner__slide\" data-slide-index=\"3\" style=\"background-image: url(https:\/\/www.rhokett.co.uk\/wp-content\/uploads\/2025\/09\/Home-Hero-DollarCake.jpg);\"><\/div>    \n    <div class=\"wrapper hn-hidden\">\n                    <\/div>\n<\/section>\n\n<section class=\"heading hn-hidden\">\n    <div class=\"wrapper\">\n        <div class=\"heading__title\"><h2>La vie est courte.<em> Mangez le dessert d&#8217;abord&#8230;<\/em><\/h2>\n<\/div>\n        <div class=\"heading__text\"><p>Rhokett produit une gamme de desserts de luxe qui comprend notre embl\u00e9matique cheesecake, des tartes, des mousses, des g\u00e2teaux et bien d&#8217;autres encore. Tous nos desserts sont finis \u00e0 la main et nos chefs p\u00e2tissiers veillent \u00e0 ce que chaque produit soit exp\u00e9di\u00e9 selon les normes \u00e9lev\u00e9es de Rhokett.<\/p>\n<\/div>\n        <a href=\"https:\/\/www.rhokett.co.uk\/fr\/products\/\" class=\"button\" target=\"_self\">Explorez la gamme<\/a>    <\/div>\n<\/section>\n\n<section class=\"featured-products hn-hidden\">\n    <div class=\"wrapper\">\n                    <div class=\"slider\">\n                                    <div class=\"col-sm-6 col-lg-4 t-center product-list\">\n                                                <a href=\"https:\/\/www.rhokett.co.uk\/fr\/products\/sticky-and-sweet-almond-cake\/\" class=\"product-list__image\">\n                            <img decoding=\"async\" src=\"https:\/\/www.rhokett.co.uk\/wp-content\/uploads\/2025\/09\/AlmondCake.jpg\" alt=\"\">                                                    <\/a>\n                        <h3 class=\"h4 product-list__title\">G\u00e2teau collant et sucr\u00e9 aux amandes<\/h3>\n                        <p>El\u00e9gant g\u00e2teau traditionnel fabriqu\u00e9 en Espagne avec des saveurs d&#8217;amandes, de sucre et d&#8217;\u0153ufs qui vous transportent dans les magnifiques paysages de Galice.<\/p>\n                        <a href=\"https:\/\/www.rhokett.co.uk\/fr\/products\/sticky-and-sweet-almond-cake\/\" class=\"button\">En savoir plus<\/a>\n                    <\/div>\n                                    <div class=\"col-sm-6 col-lg-4 t-center product-list\">\n                                                <a href=\"https:\/\/www.rhokett.co.uk\/fr\/products\/charming-chocolat-basque-cheesecakes\/\" class=\"product-list__image\">\n                            <img decoding=\"async\" src=\"https:\/\/www.rhokett.co.uk\/wp-content\/uploads\/2025\/09\/ChocolateBasque.jpg\" alt=\"\">                                                    <\/a>\n                        <h3 class=\"h4 product-list__title\">Charmant g\u00e2teau au fromage basque au chocolat<\/h3>\n                        <p>Une version chocolat\u00e9e de notre g\u00e2teau au fromage basque fabriqu\u00e9 de fa\u00e7on authentique dans notre usine espagnole.<\/p>\n                        <a href=\"https:\/\/www.rhokett.co.uk\/fr\/products\/charming-chocolat-basque-cheesecakes\/\" class=\"button\">En savoir plus<\/a>\n                    <\/div>\n                                    <div class=\"col-sm-6 col-lg-4 t-center product-list\">\n                                                <a href=\"https:\/\/www.rhokett.co.uk\/fr\/products\/sticky-and-sweet-thanksgiving-pecan-pie\/\" class=\"product-list__image\">\n                            <img decoding=\"async\" src=\"https:\/\/www.rhokett.co.uk\/wp-content\/uploads\/2025\/09\/PecanPie.jpg\" alt=\"\">                                                    <\/a>\n                        <h3 class=\"h4 product-list__title\">Tarte aux noix de p\u00e9can collante et sucr\u00e9e de Thanksgiving<\/h3>\n                        <p>Une coquille de p\u00e2te beurr\u00e9e remplie d&#8217;un m\u00e9lange sucr\u00e9 et collant et de noix de p\u00e9can hach\u00e9es.<\/p>\n                        <a href=\"https:\/\/www.rhokett.co.uk\/fr\/products\/sticky-and-sweet-thanksgiving-pecan-pie\/\" class=\"button\">En savoir plus<\/a>\n                    <\/div>\n                                    <div class=\"col-sm-6 col-lg-4 t-center product-list\">\n                                                <a href=\"https:\/\/www.rhokett.co.uk\/fr\/products\/fabulously-festive-chocolate-christmas-star\/\" class=\"product-list__image\">\n                            <img decoding=\"async\" src=\"https:\/\/www.rhokett.co.uk\/wp-content\/uploads\/2025\/09\/ChocStar.jpg\" alt=\"\">                                                    <\/a>\n                        <h3 class=\"h4 product-list__title\">\u00c9toile de No\u00ebl festive au chocolat<\/h3>\n                        <p>Mousse au chocolat au lait avec un centre cach\u00e9 de caramel sal\u00e9, accompagn\u00e9e de boules de biscuits sabl\u00e9s \u00e0 la base, finie avec de la poudre d&#8217;or au chocolat et une \u00e9toile de chocolat blanc sur le dessus.<\/p>\n                        <a href=\"https:\/\/www.rhokett.co.uk\/fr\/products\/fabulously-festive-chocolate-christmas-star\/\" class=\"button\">En savoir plus<\/a>\n                    <\/div>\n                                    <div class=\"col-sm-6 col-lg-4 t-center product-list\">\n                                                <a href=\"https:\/\/www.rhokett.co.uk\/fr\/products\/cookies-and-scream-halloween-cheesecake\/\" class=\"product-list__image\">\n                            <img decoding=\"async\" src=\"https:\/\/www.rhokett.co.uk\/wp-content\/uploads\/2025\/09\/CookiesScream.jpg\" alt=\"\">                                                    <\/a>\n                        <h3 class=\"h4 product-list__title\">Cheesecake d&#8217;Halloween aux biscuits et aux cris<\/h3>\n                        <p>Cheesecake cr\u00e9meux et onctueux \u00e0 la vanille, napp\u00e9 de sauce au chocolat, sur une base de biscuits au chocolat et surmont\u00e9 d&#8217;une plaque d&#8217;araign\u00e9e en chocolat.<\/p>\n                        <a href=\"https:\/\/www.rhokett.co.uk\/fr\/products\/cookies-and-scream-halloween-cheesecake\/\" class=\"button\">En savoir plus<\/a>\n                    <\/div>\n                                    <div class=\"col-sm-6 col-lg-4 t-center product-list\">\n                                                <a href=\"https:\/\/www.rhokett.co.uk\/fr\/products\/chocolate-super-bowl-touchdown-treats\/\" class=\"product-list__image\">\n                            <img decoding=\"async\" src=\"https:\/\/www.rhokett.co.uk\/wp-content\/uploads\/2025\/09\/SuperBowl.jpg\" alt=\"\">                                                    <\/a>\n                        <h3 class=\"h4 product-list__title\">Friandises au chocolat Super Bowl Touchdown<\/h3>\n                        <p>Une friandise au chocolat en forme de ballon de football, compos\u00e9e de biscuits, de guimauves et de morceaux de fudge, remplie de poches de sauce au caramel.<\/p>\n                        <a href=\"https:\/\/www.rhokett.co.uk\/fr\/products\/chocolate-super-bowl-touchdown-treats\/\" class=\"button\">En savoir plus<\/a>\n                    <\/div>\n                                    <div class=\"col-sm-6 col-lg-4 t-center product-list\">\n                                                <a href=\"https:\/\/www.rhokett.co.uk\/fr\/products\/exceptionally-exquisite-lemon-cheesecake-pots\/\" class=\"product-list__image\">\n                            <img decoding=\"async\" src=\"https:\/\/www.rhokett.co.uk\/wp-content\/uploads\/2022\/11\/lemon-cheesecake-pots-rhokett.jpg\" alt=\"Exceptionally Exquisite Lemon Cheesecake Pots\">                                                    <\/a>\n                        <h3 class=\"h4 product-list__title\">Verrines de Cheesecake au citron tout simplement exquis<\/h3>\n                        <p>Verrines de Cheesecake au citron tout simplement exquis<\/p>\n                        <a href=\"https:\/\/www.rhokett.co.uk\/fr\/products\/exceptionally-exquisite-lemon-cheesecake-pots\/\" class=\"button\">En savoir plus<\/a>\n                    <\/div>\n                                    <div class=\"col-sm-6 col-lg-4 t-center product-list\">\n                                                <a href=\"https:\/\/www.rhokett.co.uk\/fr\/products\/lovingly-luscious-lemon-yuzu-tarts\/\" class=\"product-list__image\">\n                            <img decoding=\"async\" src=\"https:\/\/www.rhokett.co.uk\/wp-content\/uploads\/2022\/11\/lemon-yuzu-tart-rhokett.jpg\" alt=\"Lemon Yuzu Tart\">                                                    <\/a>\n                        <h3 class=\"h4 product-list__title\">Tartelettes amoureuses au citron et au yuzu<\/h3>\n                        <p>P\u00e2te pur beurre avec une garniture \u00e9tonnamment acidul\u00e9e au citron et au yuzu, surmont\u00e9e d&#8217;un l\u00e9ger saupoudrage sucr\u00e9.<\/p>\n                        <a href=\"https:\/\/www.rhokett.co.uk\/fr\/products\/lovingly-luscious-lemon-yuzu-tarts\/\" class=\"button\">En savoir plus<\/a>\n                    <\/div>\n                                    <div class=\"col-sm-6 col-lg-4 t-center product-list\">\n                                                                                    <div class=\"sticker sticker--vegan-fr\"><\/div>\n                                                                            <a href=\"https:\/\/www.rhokett.co.uk\/fr\/products\/velvety-vegan-lemon-raspberry-creamy-slices-ve\/\" class=\"product-list__image\">\n                            <img decoding=\"async\" src=\"https:\/\/www.rhokett.co.uk\/wp-content\/uploads\/2022\/10\/RaspberryLemon-VeganCheesecake.jpg\" alt=\"\">                                                    <\/a>\n                        <h3 class=\"h4 product-list__title\">Tranches cr\u00e9meuses velout\u00e9es v\u00e9g\u00e9taliennes au citron et \u00e0 la framboise<\/h3>\n                        <p>Tranches cr\u00e9meuses v\u00e9g\u00e9taliennes au citron avec de d\u00e9licieux tourbillons de sauce riche \u00e0 la framboise sur une base de biscuits \u00e0 l&#8217;avoine.<\/p>\n                        <a href=\"https:\/\/www.rhokett.co.uk\/fr\/products\/velvety-vegan-lemon-raspberry-creamy-slices-ve\/\" class=\"button\">En savoir plus<\/a>\n                    <\/div>\n                            <\/div>\n            <\/div>\n<\/section>\n\n<section class=\"features\">\n    <div class=\"wrapper\">\n        <div class=\"features__title t-center hn-hidden\">\n            <h2>Des <em>desserts<\/em> pas comme les autres<\/h2>\n        <\/div>\n                    <div class=\"row\">\n                                    <div class=\"col-sm-4 hn-hidden\">\n                        <div class=\"feature t-center\">\n                            <div class=\"feature__icon\">\n                                <img decoding=\"async\" src=\"https:\/\/www.rhokett.co.uk\/wp-content\/themes\/rhokett\/src\/images\/icon-dessert.svg\" alt=\"\">\n                            <\/div>\n                            <h3 class=\"h4\">Des ingr\u00e9dients naturels <\/h3>\n                            <div class=\"feature__text\">\n                                <p>En utilisant les meilleurs ingr\u00e9dients, nous sommes fiers de nos desserts artisanaux exceptionnels. <\/p>\n                            <\/div>\n                        <\/div>\n                    <\/div>\n                                    <div class=\"col-sm-4 hn-hidden\">\n                        <div class=\"feature t-center\">\n                            <div class=\"feature__icon\">\n                                <img decoding=\"async\" src=\"https:\/\/www.rhokett.co.uk\/wp-content\/themes\/rhokett\/src\/images\/icon-cutlery.svg\" alt=\"\">\n                            <\/div>\n                            <h3 class=\"h4\">Faits \u00e0 la main<\/h3>\n                            <div class=\"feature__text\">\n                                <p>Notre \u00e9quipe d\u00e9vou\u00e9e, dirig\u00e9e par des chefs, est fi\u00e8re de d\u00e9velopper et de produire des desserts faits et finis \u00e0 la main. <\/p>\n                            <\/div>\n                        <\/div>\n                    <\/div>\n                                    <div class=\"col-sm-4 hn-hidden\">\n                        <div class=\"feature t-center\">\n                            <div class=\"feature__icon\">\n                                <img decoding=\"async\" src=\"https:\/\/www.rhokett.co.uk\/wp-content\/themes\/rhokett\/src\/images\/icon-earth.svg\" alt=\"\">\n                            <\/div>\n                            <h3 class=\"h4\">Engagement<\/h3>\n                            <div class=\"feature__text\">\n                                <p>Nous sommes fiers de nos efforts en faveur de l&#8217;environnement, notamment de l&#8217;utilisation de carton FSC pour nos emballages recyclables. <\/p>\n                            <\/div>\n                        <\/div>\n                    <\/div>\n                            <\/div>\n            <\/div>\n<\/section>\n\n<section class=\"image-text image-text--white image-text--image--left image-text--width--wide\">\n    <div class=\"wrapper\">\n        <div class=\"row align-items align-items--center\">\n            <div class=\"offset-sm-7 col-sm-5 image-text__text hn-hidden\">\n                <div class=\"image-text__title\">\n                    <h2>La maison des<br \/>\ndesserts <em>exceptionnels<\/em><\/h2>\n                <\/div>\n                <p>Rhokett a \u00e9t\u00e9 cr\u00e9\u00e9 en 2002 avec le soutien du chef \u00e9toil\u00e9 Michelin, feu Gary Rhodes, OBE. Rhokett produit une gamme de desserts de luxe, dont nos embl\u00e9matiques cheesecakes.<\/p>\n<p>Gr\u00e2ce \u00e0 sa vaste exp\u00e9rience, Rhokett est en mesure de fournir des desserts exceptionnels \u00e0 un grand nombre de clients, y compris des supermarch\u00e9s et des points de vente de services alimentaires.<\/p>\n                                    <a href=\"https:\/\/www.rhokett.co.uk\/our-story\/\" class=\"button button--wide\" target=\"_self\">Notre histoire<\/a>\n                            <\/div>\n                    <\/div>\n    <\/div>\n            <img decoding=\"async\" src=\"https:\/\/www.rhokett.co.uk\/wp-content\/uploads\/2025\/09\/GroupShot.jpg\" alt=\"\" class=\"image-text__image\">\n        <\/section>\n\n<section class=\"image-text image-text--marble image-text--image--right image-text--width--normal\">\n    <div class=\"wrapper\">\n        <div class=\"row align-items align-items--center\">\n            <div class=\"col-sm-5 image-text__text hn-hidden\">\n                <div class=\"image-text__title\">\n                    <h2><em>Sucrez<\/em> votre s\u00e9lection<\/h2>\n                <\/div>\n                <p>T\u00e9l\u00e9chargez nos brochures de produits pour d\u00e9couvrir notre gamme compl\u00e8te de g\u00e2teaux, de p\u00e2tisseries et de desserts. Chaque brochure est un guide d\u00e9taill\u00e9, pr\u00e9sentant des images et des descriptions de haute qualit\u00e9 de nos d\u00e9licieuses cr\u00e9ations.<\/p>\n<p>Trouvez les options parfaites pour ravir vos clients et d\u00e9couvrez pourquoi nos desserts sont le choix id\u00e9al.<\/p>\n                                    <a href=\"https:\/\/www.rhokett.co.uk\/product-brochures\/\" class=\"button button--wide\" target=\"_self\">En savoir plus<\/a>\n                            <\/div>\n                    <\/div>\n    <\/div>\n            <img decoding=\"async\" src=\"https:\/\/www.rhokett.co.uk\/wp-content\/uploads\/2025\/09\/Brochures.png\" alt=\"\" class=\"image-text__image\">\n        <\/section>","protected":false},"excerpt":{"rendered":"","protected":false},"author":2,"featured_media":0,"parent":0,"menu_order":0,"comment_status":"closed","ping_status":"closed","template":"","meta":{"_acf_changed":false,"footnotes":""},"class_list":["post-594","page","type-page","status-publish","hentry"],"acf":[],"yoast_head":"<!-- This site is optimized with the Yoast SEO plugin v26.3 - https:\/\/yoast.com\/wordpress\/plugins\/seo\/ -->\n<title>Rhokett | Home<\/title>\n<meta name=\"description\" content=\"Welcome to the Rhokett site. Using the finest ingredients, we pride ourselves on our exceptional handmade desserts that you simply won&#039;t find anywhere else.\" \/>\n<meta name=\"robots\" content=\"index, follow, max-snippet:-1, max-image-preview:large, max-video-preview:-1\" \/>\n<link rel=\"canonical\" href=\"https:\/\/www.rhokett.co.uk\/fr\/\" \/>\n<meta property=\"og:locale\" content=\"fr_FR\" \/>\n<meta property=\"og:type\" content=\"article\" \/>\n<meta property=\"og:title\" content=\"Rhokett | Home\" \/>\n<meta property=\"og:description\" content=\"Welcome to the Rhokett site. Using the finest ingredients, we pride ourselves on our exceptional handmade desserts that you simply won&#039;t find anywhere else.\" \/>\n<meta property=\"og:url\" content=\"https:\/\/www.rhokett.co.uk\/fr\/\" \/>\n<meta property=\"og:site_name\" content=\"Rhokett\" \/>\n<meta property=\"article:modified_time\" content=\"2025-10-30T09:16:07+00:00\" \/>\n<meta name=\"twitter:card\" content=\"summary_large_image\" \/>\n<script type=\"application\/ld+json\" class=\"yoast-schema-graph\">{\"@context\":\"https:\/\/schema.org\",\"@graph\":[{\"@type\":\"WebPage\",\"@id\":\"https:\/\/www.rhokett.co.uk\/fr\/\",\"url\":\"https:\/\/www.rhokett.co.uk\/fr\/\",\"name\":\"Rhokett | Home\",\"isPartOf\":{\"@id\":\"https:\/\/www.rhokett.co.uk\/fr\/#website\"},\"datePublished\":\"2022-09-23T11:51:01+00:00\",\"dateModified\":\"2025-10-30T09:16:07+00:00\",\"description\":\"Welcome to the Rhokett site. Using the finest ingredients, we pride ourselves on our exceptional handmade desserts that you simply won't find anywhere else.\",\"breadcrumb\":{\"@id\":\"https:\/\/www.rhokett.co.uk\/fr\/#breadcrumb\"},\"inLanguage\":\"fr-FR\",\"potentialAction\":[{\"@type\":\"ReadAction\",\"target\":[\"https:\/\/www.rhokett.co.uk\/fr\/\"]}]},{\"@type\":\"BreadcrumbList\",\"@id\":\"https:\/\/www.rhokett.co.uk\/fr\/#breadcrumb\",\"itemListElement\":[{\"@type\":\"ListItem\",\"position\":1,\"name\":\"Home\",\"item\":\"https:\/\/www.rhokett.co.uk\/fr\/\"},{\"@type\":\"ListItem\",\"position\":2,\"name\":\"Page d&#8217;accueil\"}]},{\"@type\":\"WebSite\",\"@id\":\"https:\/\/www.rhokett.co.uk\/fr\/#website\",\"url\":\"https:\/\/www.rhokett.co.uk\/fr\/\",\"name\":\"Rhokett\",\"description\":\"Home of Exquisite Desserts\",\"potentialAction\":[{\"@type\":\"SearchAction\",\"target\":{\"@type\":\"EntryPoint\",\"urlTemplate\":\"https:\/\/www.rhokett.co.uk\/fr\/?s={search_term_string}\"},\"query-input\":{\"@type\":\"PropertyValueSpecification\",\"valueRequired\":true,\"valueName\":\"search_term_string\"}}],\"inLanguage\":\"fr-FR\"}]}<\/script>\n<!-- \/ Yoast SEO plugin. -->","yoast_head_json":{"title":"Rhokett | Home","description":"Welcome to the Rhokett site. Using the finest ingredients, we pride ourselves on our exceptional handmade desserts that you simply won't find anywhere else.","robots":{"index":"index","follow":"follow","max-snippet":"max-snippet:-1","max-image-preview":"max-image-preview:large","max-video-preview":"max-video-preview:-1"},"canonical":"https:\/\/www.rhokett.co.uk\/fr\/","og_locale":"fr_FR","og_type":"article","og_title":"Rhokett | Home","og_description":"Welcome to the Rhokett site. Using the finest ingredients, we pride ourselves on our exceptional handmade desserts that you simply won't find anywhere else.","og_url":"https:\/\/www.rhokett.co.uk\/fr\/","og_site_name":"Rhokett","article_modified_time":"2025-10-30T09:16:07+00:00","twitter_card":"summary_large_image","schema":{"@context":"https:\/\/schema.org","@graph":[{"@type":"WebPage","@id":"https:\/\/www.rhokett.co.uk\/fr\/","url":"https:\/\/www.rhokett.co.uk\/fr\/","name":"Rhokett | Home","isPartOf":{"@id":"https:\/\/www.rhokett.co.uk\/fr\/#website"},"datePublished":"2022-09-23T11:51:01+00:00","dateModified":"2025-10-30T09:16:07+00:00","description":"Welcome to the Rhokett site. Using the finest ingredients, we pride ourselves on our exceptional handmade desserts that you simply won't find anywhere else.","breadcrumb":{"@id":"https:\/\/www.rhokett.co.uk\/fr\/#breadcrumb"},"inLanguage":"fr-FR","potentialAction":[{"@type":"ReadAction","target":["https:\/\/www.rhokett.co.uk\/fr\/"]}]},{"@type":"BreadcrumbList","@id":"https:\/\/www.rhokett.co.uk\/fr\/#breadcrumb","itemListElement":[{"@type":"ListItem","position":1,"name":"Home","item":"https:\/\/www.rhokett.co.uk\/fr\/"},{"@type":"ListItem","position":2,"name":"Page d&#8217;accueil"}]},{"@type":"WebSite","@id":"https:\/\/www.rhokett.co.uk\/fr\/#website","url":"https:\/\/www.rhokett.co.uk\/fr\/","name":"Rhokett","description":"Home of Exquisite Desserts","potentialAction":[{"@type":"SearchAction","target":{"@type":"EntryPoint","urlTemplate":"https:\/\/www.rhokett.co.uk\/fr\/?s={search_term_string}"},"query-input":{"@type":"PropertyValueSpecification","valueRequired":true,"valueName":"search_term_string"}}],"inLanguage":"fr-FR"}]}},"_links":{"self":[{"href":"https:\/\/www.rhokett.co.uk\/fr\/wp-json\/wp\/v2\/pages\/594","targetHints":{"allow":["GET"]}}],"collection":[{"href":"https:\/\/www.rhokett.co.uk\/fr\/wp-json\/wp\/v2\/pages"}],"about":[{"href":"https:\/\/www.rhokett.co.uk\/fr\/wp-json\/wp\/v2\/types\/page"}],"author":[{"embeddable":true,"href":"https:\/\/www.rhokett.co.uk\/fr\/wp-json\/wp\/v2\/users\/2"}],"replies":[{"embeddable":true,"href":"https:\/\/www.rhokett.co.uk\/fr\/wp-json\/wp\/v2\/comments?post=594"}],"version-history":[{"count":4,"href":"https:\/\/www.rhokett.co.uk\/fr\/wp-json\/wp\/v2\/pages\/594\/revisions"}],"predecessor-version":[{"id":896,"href":"https:\/\/www.rhokett.co.uk\/fr\/wp-json\/wp\/v2\/pages\/594\/revisions\/896"}],"wp:attachment":[{"href":"https:\/\/www.rhokett.co.uk\/fr\/wp-json\/wp\/v2\/media?parent=594"}],"curies":[{"name":"wp","href":"https:\/\/api.w.org\/{rel}","templated":true}]}}