{"id":590,"date":"2022-09-23T12:55:20","date_gmt":"2022-09-23T11:55:20","guid":{"rendered":"https:\/\/staging.tannwestlake.net\/rhokett\/our-story\/"},"modified":"2025-10-06T12:10:47","modified_gmt":"2025-10-06T11:10:47","slug":"our-story","status":"publish","type":"page","link":"https:\/\/www.rhokett.co.uk\/fr\/our-story\/","title":{"rendered":"Notre histoire"},"content":{"rendered":"<section class=\"heading hn-hidden\">\n    <div class=\"wrapper\">\n        <div class=\"heading__title\"><h1 class=\"h2\">La vie est meilleure avec un <em>dessert <\/em><\/h1>\n<\/div>\n        <div class=\"heading__text\"><p>Notre savoureuse histoire du d\u00e9but \u00e0 la fin.<\/p>\n<\/div>\n            <\/div>\n<\/section>\n\n<section class=\"image-text image-text--marble image-text--image--left image-text--width--small\">\n    <div class=\"wrapper\">\n        <div class=\"row align-items align-items--center\">\n            <div class=\"col-sm-5 image-text__text hn-hidden\">\n                <div class=\"image-text__title\">\n                    <h4>Comment tout a commenc\u00e9<\/h4>\n                <\/div>\n                <p>La soci\u00e9t\u00e9 a \u00e9t\u00e9 cr\u00e9\u00e9e en 2002, avec le soutien du chef \u00e9toil\u00e9 Gary Rhodes, OBE. Rhokett produit une gamme de desserts de luxe qui comprend nos embl\u00e9matiques cheesecakes et, auparavant, des tartes, des mousses, des g\u00e2teaux et bien d&#8217;autres choses encore. Tous nos desserts sont finis \u00e0 la main et nos chefs veillent \u00e0 ce que chaque produit soit exp\u00e9di\u00e9 selon les normes \u00e9lev\u00e9es de Rhokett.<\/p>\n<p>Chez Rhokett, nous sommes fiers de nos exceptionnels desserts artisanaux. Nous utilisons les meilleurs ingr\u00e9dients et formons notre personnel selon les normes les plus strictes.<\/p>\n                            <\/div>\n                            <div class=\"col-sm-7 image-text__image hn-hidden\">\n                    <img decoding=\"async\" src=\"https:\/\/www.rhokett.co.uk\/wp-content\/uploads\/2022\/10\/cheesecake-production.jpg\" alt=\"\">\n                <\/div>\n                    <\/div>\n    <\/div>\n    <\/section>\n\n<section class=\"image-text image-text--marble image-text--image--right image-text--width--small\">\n    <div class=\"wrapper\">\n        <div class=\"row align-items align-items--center\">\n            <div class=\"col-sm-5 image-text__text hn-hidden\">\n                <div class=\"image-text__title\">\n                    <h4>Les normes les plus strictes<\/h4>\n                <\/div>\n                <p>Rhokett poss\u00e8de deux usines de production certifi\u00e9es A+ par le BRCGS, et globalisant plus de 150 ans d&#8217;exp\u00e9rience en p\u00e2tisserie au sein de l&#8217;\u00e9quipe. Outre le BRCGS, Rhokett est membre du Bureau Veritas, de Sedex et de RSPO.<\/p>\n<p>Gr\u00e2ce \u00e0 sa vaste exp\u00e9rience, Rhokett est en mesure de fournir des desserts exceptionnels \u00e0 un large \u00e9ventail de clients, dont des supermarch\u00e9s, des compagnies a\u00e9riennes et des h\u00f4tels cinq \u00e9toiles.<\/p>\n                            <\/div>\n                            <div class=\"col-sm-7 image-text__image hn-hidden\">\n                    <img decoding=\"async\" src=\"https:\/\/www.rhokett.co.uk\/wp-content\/uploads\/2022\/10\/finishing-touches-to-desserts.jpg\" alt=\"\">\n                <\/div>\n                    <\/div>\n    <\/div>\n    <\/section>\n\n<section class=\"page-break page-break--grey\">\n    <div class=\"wrapper\">\n        <hr class=\"dotted\">\n    <\/div>\n<\/section>\n\n<section class=\"heading hn-hidden\">\n    <div class=\"wrapper\">\n        <div class=\"heading__title\"><h2>Notre <em>\u00e9quipe <\/em><\/h2>\n<\/div>\n        <div class=\"heading__text\"><\/div>\n            <\/div>\n<\/section>\n\n<section class=\"team-members\">\n    <div class=\"wrapper\">\n                    <div class=\"row\">\n                                    <div class=\"col-sm-6 col-md-4 hn-hidden\">\n                        <div class=\"team-member t-center\">\n                                                        <h3 class=\"h4\">Mikel Beitia<\/h3>\n                            <div class=\"team-member__text\">\n                                <p>PDG <\/p>\n                            <\/div>\n                        <\/div>\n                    <\/div>\n                                    <div class=\"col-sm-6 col-md-4 hn-hidden\">\n                        <div class=\"team-member t-center\">\n                                                        <h3 class=\"h4\">Amanda Russell-Ingamells<\/h3>\n                            <div class=\"team-member__text\">\n                                <p>Directrice g\u00e9n\u00e9rale<\/p>\n                            <\/div>\n                        <\/div>\n                    <\/div>\n                                    <div class=\"col-sm-6 col-md-4 hn-hidden\">\n                        <div class=\"team-member t-center\">\n                                                        <h3 class=\"h4\">Judith Jewiss<\/h3>\n                            <div class=\"team-member__text\">\n                                <p>Directrice financi\u00e8re <\/p>\n                            <\/div>\n                        <\/div>\n                    <\/div>\n                                    <div class=\"col-sm-6 col-md-4 hn-hidden\">\n                        <div class=\"team-member t-center\">\n                                                        <h3 class=\"h4\">Matt Bradford<\/h3>\n                            <div class=\"team-member__text\">\n                                <p>Directeur de la production<\/p>\n                            <\/div>\n                        <\/div>\n                    <\/div>\n                                    <div class=\"col-sm-6 col-md-4 hn-hidden\">\n                        <div class=\"team-member t-center\">\n                                                        <h3 class=\"h4\">Trish Karassellos<\/h3>\n                            <div class=\"team-member__text\">\n                                <p>Directrice commerciale <\/p>\n                            <\/div>\n                        <\/div>\n                    <\/div>\n                                    <div class=\"col-sm-6 col-md-4 hn-hidden\">\n                        <div class=\"team-member t-center\">\n                                                        <h3 class=\"h4\">Richard Bracking<\/h3>\n                            <div class=\"team-member__text\">\n                                <p>Directeur de l&#8217;innovation <\/p>\n                            <\/div>\n                        <\/div>\n                    <\/div>\n                                    <div class=\"col-sm-6 col-md-4 hn-hidden\">\n                        <div class=\"team-member t-center\">\n                                                        <h3 class=\"h4\">Zoe Fogel<\/h3>\n                            <div class=\"team-member__text\">\n                                <p>Responsable RH <\/p>\n                            <\/div>\n                        <\/div>\n                    <\/div>\n                                    <div class=\"col-sm-6 col-md-4 hn-hidden\">\n                        <div class=\"team-member t-center\">\n                                                        <h3 class=\"h4\">Jolanta Phipps<\/h3>\n                            <div class=\"team-member__text\">\n                                <p>Responsable technique <\/p>\n                            <\/div>\n                        <\/div>\n                    <\/div>\n                            <\/div>\n            <\/div>\n<\/section>","protected":false},"excerpt":{"rendered":"","protected":false},"author":2,"featured_media":0,"parent":0,"menu_order":0,"comment_status":"closed","ping_status":"closed","template":"","meta":{"_acf_changed":false,"footnotes":""},"class_list":["post-590","page","type-page","status-publish","hentry"],"acf":[],"yoast_head":"<!-- This site is optimized with the Yoast SEO plugin v26.3 - https:\/\/yoast.com\/wordpress\/plugins\/seo\/ -->\n<title>Rhokett | Our Story<\/title>\n<meta name=\"description\" content=\"Rhokett was established in 2002, with support from Michelin star chef Gary Rhodes, OBE. Read about our story from start to where we are now.\" \/>\n<meta name=\"robots\" content=\"index, follow, max-snippet:-1, max-image-preview:large, max-video-preview:-1\" \/>\n<link rel=\"canonical\" href=\"https:\/\/www.rhokett.co.uk\/fr\/our-story\/\" \/>\n<meta property=\"og:locale\" content=\"fr_FR\" \/>\n<meta property=\"og:type\" content=\"article\" \/>\n<meta property=\"og:title\" content=\"Rhokett | Our Story\" \/>\n<meta property=\"og:description\" content=\"Rhokett was established in 2002, with support from Michelin star chef Gary Rhodes, OBE. Read about our story from start to where we are now.\" \/>\n<meta property=\"og:url\" content=\"https:\/\/www.rhokett.co.uk\/fr\/our-story\/\" \/>\n<meta property=\"og:site_name\" content=\"Rhokett\" \/>\n<meta property=\"article:modified_time\" content=\"2025-10-06T11:10:47+00:00\" \/>\n<meta name=\"twitter:card\" content=\"summary_large_image\" \/>\n<script type=\"application\/ld+json\" class=\"yoast-schema-graph\">{\"@context\":\"https:\/\/schema.org\",\"@graph\":[{\"@type\":\"WebPage\",\"@id\":\"https:\/\/www.rhokett.co.uk\/fr\/our-story\/\",\"url\":\"https:\/\/www.rhokett.co.uk\/fr\/our-story\/\",\"name\":\"Rhokett | Our Story\",\"isPartOf\":{\"@id\":\"https:\/\/www.rhokett.co.uk\/fr\/#website\"},\"datePublished\":\"2022-09-23T11:55:20+00:00\",\"dateModified\":\"2025-10-06T11:10:47+00:00\",\"description\":\"Rhokett was established in 2002, with support from Michelin star chef Gary Rhodes, OBE. Read about our story from start to where we are now.\",\"breadcrumb\":{\"@id\":\"https:\/\/www.rhokett.co.uk\/fr\/our-story\/#breadcrumb\"},\"inLanguage\":\"fr-FR\",\"potentialAction\":[{\"@type\":\"ReadAction\",\"target\":[\"https:\/\/www.rhokett.co.uk\/fr\/our-story\/\"]}]},{\"@type\":\"BreadcrumbList\",\"@id\":\"https:\/\/www.rhokett.co.uk\/fr\/our-story\/#breadcrumb\",\"itemListElement\":[{\"@type\":\"ListItem\",\"position\":1,\"name\":\"Home\",\"item\":\"https:\/\/www.rhokett.co.uk\/fr\/\"},{\"@type\":\"ListItem\",\"position\":2,\"name\":\"Notre histoire\"}]},{\"@type\":\"WebSite\",\"@id\":\"https:\/\/www.rhokett.co.uk\/fr\/#website\",\"url\":\"https:\/\/www.rhokett.co.uk\/fr\/\",\"name\":\"Rhokett\",\"description\":\"Home of Exquisite Desserts\",\"potentialAction\":[{\"@type\":\"SearchAction\",\"target\":{\"@type\":\"EntryPoint\",\"urlTemplate\":\"https:\/\/www.rhokett.co.uk\/fr\/?s={search_term_string}\"},\"query-input\":{\"@type\":\"PropertyValueSpecification\",\"valueRequired\":true,\"valueName\":\"search_term_string\"}}],\"inLanguage\":\"fr-FR\"}]}<\/script>\n<!-- \/ Yoast SEO plugin. -->","yoast_head_json":{"title":"Rhokett | Our Story","description":"Rhokett was established in 2002, with support from Michelin star chef Gary Rhodes, OBE. Read about our story from start to where we are now.","robots":{"index":"index","follow":"follow","max-snippet":"max-snippet:-1","max-image-preview":"max-image-preview:large","max-video-preview":"max-video-preview:-1"},"canonical":"https:\/\/www.rhokett.co.uk\/fr\/our-story\/","og_locale":"fr_FR","og_type":"article","og_title":"Rhokett | Our Story","og_description":"Rhokett was established in 2002, with support from Michelin star chef Gary Rhodes, OBE. Read about our story from start to where we are now.","og_url":"https:\/\/www.rhokett.co.uk\/fr\/our-story\/","og_site_name":"Rhokett","article_modified_time":"2025-10-06T11:10:47+00:00","twitter_card":"summary_large_image","schema":{"@context":"https:\/\/schema.org","@graph":[{"@type":"WebPage","@id":"https:\/\/www.rhokett.co.uk\/fr\/our-story\/","url":"https:\/\/www.rhokett.co.uk\/fr\/our-story\/","name":"Rhokett | Our Story","isPartOf":{"@id":"https:\/\/www.rhokett.co.uk\/fr\/#website"},"datePublished":"2022-09-23T11:55:20+00:00","dateModified":"2025-10-06T11:10:47+00:00","description":"Rhokett was established in 2002, with support from Michelin star chef Gary Rhodes, OBE. Read about our story from start to where we are now.","breadcrumb":{"@id":"https:\/\/www.rhokett.co.uk\/fr\/our-story\/#breadcrumb"},"inLanguage":"fr-FR","potentialAction":[{"@type":"ReadAction","target":["https:\/\/www.rhokett.co.uk\/fr\/our-story\/"]}]},{"@type":"BreadcrumbList","@id":"https:\/\/www.rhokett.co.uk\/fr\/our-story\/#breadcrumb","itemListElement":[{"@type":"ListItem","position":1,"name":"Home","item":"https:\/\/www.rhokett.co.uk\/fr\/"},{"@type":"ListItem","position":2,"name":"Notre histoire"}]},{"@type":"WebSite","@id":"https:\/\/www.rhokett.co.uk\/fr\/#website","url":"https:\/\/www.rhokett.co.uk\/fr\/","name":"Rhokett","description":"Home of Exquisite Desserts","potentialAction":[{"@type":"SearchAction","target":{"@type":"EntryPoint","urlTemplate":"https:\/\/www.rhokett.co.uk\/fr\/?s={search_term_string}"},"query-input":{"@type":"PropertyValueSpecification","valueRequired":true,"valueName":"search_term_string"}}],"inLanguage":"fr-FR"}]}},"_links":{"self":[{"href":"https:\/\/www.rhokett.co.uk\/fr\/wp-json\/wp\/v2\/pages\/590","targetHints":{"allow":["GET"]}}],"collection":[{"href":"https:\/\/www.rhokett.co.uk\/fr\/wp-json\/wp\/v2\/pages"}],"about":[{"href":"https:\/\/www.rhokett.co.uk\/fr\/wp-json\/wp\/v2\/types\/page"}],"author":[{"embeddable":true,"href":"https:\/\/www.rhokett.co.uk\/fr\/wp-json\/wp\/v2\/users\/2"}],"replies":[{"embeddable":true,"href":"https:\/\/www.rhokett.co.uk\/fr\/wp-json\/wp\/v2\/comments?post=590"}],"version-history":[{"count":4,"href":"https:\/\/www.rhokett.co.uk\/fr\/wp-json\/wp\/v2\/pages\/590\/revisions"}],"predecessor-version":[{"id":817,"href":"https:\/\/www.rhokett.co.uk\/fr\/wp-json\/wp\/v2\/pages\/590\/revisions\/817"}],"wp:attachment":[{"href":"https:\/\/www.rhokett.co.uk\/fr\/wp-json\/wp\/v2\/media?parent=590"}],"curies":[{"name":"wp","href":"https:\/\/api.w.org\/{rel}","templated":true}]}}