{"id":580,"date":"2022-09-26T11:08:01","date_gmt":"2022-09-26T10:08:01","guid":{"rendered":"https:\/\/staging.tannwestlake.net\/rhokett\/cookies-policy\/"},"modified":"2025-10-06T12:22:04","modified_gmt":"2025-10-06T11:22:04","slug":"cookies-policy","status":"publish","type":"page","link":"https:\/\/www.rhokett.co.uk\/fr\/cookies-policy\/","title":{"rendered":"Politique en mati\u00e8re de cookies"},"content":{"rendered":"<section class=\"heading hn-hidden\">\n    <div class=\"wrapper\">\n        <div class=\"heading__title\"><h1><em>Politique<\/em> en mati\u00e8re de cookies<\/h1>\n<\/div>\n        <div class=\"heading__text\"><\/div>\n            <\/div>\n<\/section>\n\n<section class=\"text\">\n    <div class=\"wrapper\">\n        <h3>1. Introduction<\/h3>\n<p>Notre site Web utilise des cookies.<\/p>\n<p>Dans la mesure o\u00f9 ces cookies ne sont pas strictement n\u00e9cessaires \u00e0 la pr\u00e9sentation de notre site Web et de nos services, nous vous demanderons de consentir \u00e0 l&#8217;utilisation de cookies lors de votre premi\u00e8re visite sur notre site Web.<\/p>\n<h3>2. \u00c0 propos des cookies<\/h3>\n<p>Un cookie est un fichier contenant un identifiant (une cha\u00eene de lettres et de chiffres) qui est envoy\u00e9 par un serveur Web \u00e0 un navigateur Web et qui est stock\u00e9 par le navigateur. L&#8217;identifiant est ensuite renvoy\u00e9 au serveur chaque fois que le navigateur demande une page au serveur.<\/p>\n<p>Les cookies peuvent \u00eatre des cookies \u00ab persistants \u00bb ou des cookies \u00ab de session \u00bb : un cookie persistant est stock\u00e9 par un navigateur Web et reste valable jusqu&#8217;\u00e0 la date d&#8217;expiration d\u00e9finie, sauf s&#8217;il est supprim\u00e9 par l&#8217;utilisateur avant la date d&#8217;expiration ; un cookie de session, en revanche, expire \u00e0 la fin de la session de l&#8217;utilisateur, lorsque le navigateur Web est ferm\u00e9.<\/p>\n<p>Les cookies ne peuvent contenir aucune information permettant d&#8217;identifier personnellement un utilisateur, mais les donn\u00e9es personnelles que nous stockons \u00e0 votre sujet peuvent \u00eatre li\u00e9es aux informations stock\u00e9es dans les cookies et obtenues \u00e0 partir de ceux-ci.<\/p>\n<h3>3. Les cookies que nous utilisons<\/h3>\n<p>Nous utilisons des cookies aux fins suivantes :<\/p>\n<p>(a) <strong>Authentification et statut<\/strong> &#8211; nous utilisons des cookies pour vous identifier lorsque vous visitez notre site Web et lorsque vous naviguez sur notre site Web, et pour nous aider \u00e0 d\u00e9terminer si vous \u00eates connect\u00e9 \u00e0 notre site Web. (Les cookies utilis\u00e9s \u00e0 cette fin sont : _ga;, cookielawinfo-checkbox-advertisement, _gh-sess, cookielawinfo-checkbox-neccessary, cookielawinfo-checkbox-functional, cookielawinfo-checkbox-performance, cookielawinfo-checkbox-analytics, cookielawinfo-checkbox-others, viewed_cookie_policy) ;<\/p>\n<p>(b) <strong>Publicit\u00e9<\/strong> &#8211; nous utilisons des cookies pour nous aider \u00e0 afficher des publicit\u00e9s qui vous int\u00e9ressent (les cookies utilis\u00e9s \u00e0 cette fin sont : NID, _dc_gtm_UA, test_cookie, bscookie, _fbp, fr, UserMatchHistory, AnalyticsSyncHistory, li-gc) ;<\/p>\n<p>(c) <strong>Analyse<\/strong> &#8211; nous utilisons des cookies pour nous aider \u00e0 analyser l&#8217;utilisation et les performances de notre site Web et de nos services (les cookies utilis\u00e9s \u00e0 cette fin sont : _ga ; et _gat, _dc_gtm_UA, _ga_Q45KD48DB6, _gid, _gat_UA-, _gid), et ;<br \/>\n<strong>Performance<\/strong> &#8211; nous utilisons des cookies pour \u00e9valuer la performance de notre site Web (les cookies utilis\u00e9s \u00e0 cette fin sont : _gid) ; Identification &#8211; Pour aider \u00e0 appliquer les param\u00e8tres de s\u00e9curit\u00e9 sur une base par client (les cookies utilis\u00e9s \u00e0 cette fin sont : _gid, viewed_cookie_policy).<br \/>\n<strong>Identification<\/strong> \u2013 To help apply security settings on a per-client basis (cookies used for this purpose are:\u00a0_gid, viewed_cookie_policy).<\/p>\n<p>(d) [<strong>consentement en mati\u00e8re de cookies<\/strong> &#8211; nous utilisons des cookies pour enregistrer vos pr\u00e9f\u00e9rences concernant l&#8217;utilisation de cookies de mani\u00e8re plus g\u00e9n\u00e9rale (les cookies utilis\u00e9s \u00e0 cette fin sont les suivants : cookielawinfo-checkbox-advertisement, cookielawinfo-checkbox-neccessary, cookielawinfo-checkbox-functional, cookielawinfo-checkbox-performance, cookielawinfo-checkboxanalytics, cookielawinfo-checkbox-others, viewed_cookie_policy).<\/p>\n<h3>4. Cookies utilis\u00e9s par nos prestataires de services<\/h3>\n<p>Nos prestataires de services utilisent des cookies et ces cookies peuvent \u00eatre stock\u00e9s sur votre ordinateur lorsque vous visitez notre site Web.<\/p>\n<p>Nous utilisons Google Analytics. Google Analytics recueille des informations sur l&#8217;utilisation de notre site Web au moyen de cookies. Les informations recueillies sont utilis\u00e9es pour cr\u00e9er des rapports sur l&#8217;utilisation de notre site Web. Vous pouvez en savoir plus sur l&#8217;utilisation des informations par Google en visitant le site https:\/\/www.google.com\/policies\/privacy\/partners\/ et vous pouvez consulter la politique de confidentialit\u00e9 de Google \u00e0 l&#8217;adresse https:\/\/policies.google.com\/privacy. Les cookies concern\u00e9s sont les suivants : _ga, _gid, _gat.<\/p>\n<p>Nous utilisons un pixel Facebook sur notre site Web. Gr\u00e2ce \u00e0 ce pixel, Facebook recueille des informations sur les utilisateurs et l&#8217;utilisation de notre site Web. Ces informations sont utilis\u00e9es pour personnaliser les publicit\u00e9s de Facebook et pour analyser l&#8217;utilisation de notre site Web. Pour en savoir plus sur le pixel Facebook et sur l&#8217;utilisation des donn\u00e9es personnelles par Facebook en g\u00e9n\u00e9ral, consultez la politique de Facebook en mati\u00e8re de cookies \u00e0 l&#8217;adresse <a href=\"https:\/\/www.facebook.com\/policies\/cookies\/\">https:\/\/www.facebook.com\/policies\/cookies\/<\/a> et la politique de confidentialit\u00e9 de Facebook \u00e0 l&#8217;adresse <a href=\"https:\/\/www.facebook.com\/about\/privacy\">https:\/\/www.facebook.com\/about\/privacy<\/a>. La politique de Facebook en mati\u00e8re de cookies comprend des informations sur le contr\u00f4le de l&#8217;utilisation des cookies par Facebook pour vous montrer des publicit\u00e9s. Si vous \u00eates un utilisateur enregistr\u00e9 de Facebook, vous pouvez modifier le ciblage des publicit\u00e9s en suivant les instructions fournies \u00e0 l&#8217;adresse https:\/\/www.facebook.com\/help\/568137493302217.<\/p>\n<h3>5. Gestion des cookies<\/h3>\n<p>La plupart des navigateurs vous permettent de refuser les cookies et de les supprimer. Les m\u00e9thodes pour ce faire varient d&#8217;un navigateur \u00e0 l&#8217;autre et d&#8217;une version \u00e0 l&#8217;autre. Vous pouvez toutefois obtenir des informations actualis\u00e9es sur le blocage et la suppression des cookies via les liens suivants :<\/p>\n<p>(a) <a href=\"https:\/\/support.google.com\/chrome\/answer\/95647\" target=\"_blank\" rel=\"noopener\">https:\/\/support.google.com\/chrome\/answer\/95647<\/a> (Chrome);<br \/>\n(b) <a href=\"https:\/\/support.mozilla.org\/en-US\/kb\/enable-and-disable-cookies-website-preferences\" target=\"_blank\" rel=\"noopener\">https:\/\/support.mozilla.org\/en-US\/kb\/enable-and-disable-cookies-website-preferences<\/a> (Firefox);<br \/>\n(c) <a href=\"https:\/\/help.opera.com\/en\/latest\/security-and-privacy\/\" target=\"_blank\" rel=\"noopener\">https:\/\/help.opera.com\/en\/latest\/security-and-privacy\/<\/a> (Opera);<br \/>\n(d) <a href=\"https:\/\/support.microsoft.com\/en-gb\/help\/17442\/windows-internet-explorer-delete-manage-cookies\" target=\"_blank\" rel=\"noopener\">https:\/\/support.microsoft.com\/en-gb\/help\/17442\/windows-internet-explorer-delete-manage-cookies<\/a> (Internet Explorer);<br \/>\n(e) <a href=\"https:\/\/support.apple.com\/en-gb\/guide\/safari\/manage-cookies-and-website-data-sfri11471\/mac\" target=\"_blank\" rel=\"noopener\">https:\/\/support.apple.com\/en-gb\/guide\/safari\/manage-cookies-and-website-data-sfri11471\/mac<\/a> (Safari); et<br \/>\n(f) <a href=\"https:\/\/privacy.microsoft.com\/en-us\/windows-10-microsoft-edge-and-privacy\" target=\"_blank\" rel=\"noopener\">https:\/\/privacy.microsoft.com\/en-us\/windows-10-microsoft-edge-and-privacy<\/a> (Edge).<\/p>\n<p>Le blocage de tous les cookies aura un impact n\u00e9gatif sur la convivialit\u00e9 de nombreux sites Web.<\/p>\n<p>Si vous bloquez les cookies, vous ne pourrez pas utiliser toutes les fonctionnalit\u00e9s de notre site Web.<\/p>\n<h3>6. Pr\u00e9f\u00e9rences en mati\u00e8re de cookies<\/h3>\n<p>Vous pouvez g\u00e9rer vos pr\u00e9f\u00e9rences relatives \u00e0 l&#8217;utilisation des cookies sur notre site Web en cliquant sur le bouton qui se trouve au bas du site.<\/p>\n<h3>7. Nos coordonn\u00e9es<\/h3>\n<p>Nos coordonn\u00e9es<\/p>\n<p>Nous sommes enregistr\u00e9s en Angleterre et au Pays de Galles sous le num\u00e9ro 04524677, et notre si\u00e8ge social se trouve \u00e0 Hawkhurst Station Business Park, Gills Green, Hawkhurst, Kent, TN18 5BD.<\/p>\n<p>Notre principal lieu d&#8217;activit\u00e9 est celui indiqu\u00e9 ci-dessus.<\/p>\n<p>Vous pouvez nous contacter :<br \/>\n(a) Par courrier, \u00e0 l&#8217;adresse postale indiqu\u00e9e ci-dessus ;<br \/>\n(b) En utilisant le formulaire de contact sur notre site Web ;<br \/>\n(c) Par t\u00e9l\u00e9phone, au num\u00e9ro de contact publi\u00e9 sur notre site Web, ou ;<br \/>\n(d) Par courrier \u00e9lectronique, en utilisant l&#8217;adresse \u00e9lectronique publi\u00e9e sur notre site Web.<\/p>\n    <\/div>\n<\/section>","protected":false},"excerpt":{"rendered":"","protected":false},"author":2,"featured_media":0,"parent":0,"menu_order":0,"comment_status":"closed","ping_status":"closed","template":"","meta":{"_acf_changed":false,"footnotes":""},"class_list":["post-580","page","type-page","status-publish","hentry"],"acf":[],"yoast_head":"<!-- This site is optimized with the Yoast SEO plugin v26.3 - https:\/\/yoast.com\/wordpress\/plugins\/seo\/ -->\n<title>Rhokett | Cookies Policy<\/title>\n<meta name=\"description\" content=\"Read our cookie policy for information on what we collect to improve your experience on the Rhokett website.\" \/>\n<meta name=\"robots\" content=\"index, follow, max-snippet:-1, max-image-preview:large, max-video-preview:-1\" \/>\n<link rel=\"canonical\" href=\"https:\/\/www.rhokett.co.uk\/fr\/cookies-policy\/\" \/>\n<meta property=\"og:locale\" content=\"fr_FR\" \/>\n<meta property=\"og:type\" content=\"article\" \/>\n<meta property=\"og:title\" content=\"Rhokett | Cookies Policy\" \/>\n<meta property=\"og:description\" content=\"Read our cookie policy for information on what we collect to improve your experience on the Rhokett website.\" \/>\n<meta property=\"og:url\" content=\"https:\/\/www.rhokett.co.uk\/fr\/cookies-policy\/\" \/>\n<meta property=\"og:site_name\" content=\"Rhokett\" \/>\n<meta property=\"article:modified_time\" content=\"2025-10-06T11:22:04+00:00\" \/>\n<meta name=\"twitter:card\" content=\"summary_large_image\" \/>\n<script type=\"application\/ld+json\" class=\"yoast-schema-graph\">{\"@context\":\"https:\/\/schema.org\",\"@graph\":[{\"@type\":\"WebPage\",\"@id\":\"https:\/\/www.rhokett.co.uk\/fr\/cookies-policy\/\",\"url\":\"https:\/\/www.rhokett.co.uk\/fr\/cookies-policy\/\",\"name\":\"Rhokett | Cookies Policy\",\"isPartOf\":{\"@id\":\"https:\/\/www.rhokett.co.uk\/fr\/#website\"},\"datePublished\":\"2022-09-26T10:08:01+00:00\",\"dateModified\":\"2025-10-06T11:22:04+00:00\",\"description\":\"Read our cookie policy for information on what we collect to improve your experience on the Rhokett website.\",\"breadcrumb\":{\"@id\":\"https:\/\/www.rhokett.co.uk\/fr\/cookies-policy\/#breadcrumb\"},\"inLanguage\":\"fr-FR\",\"potentialAction\":[{\"@type\":\"ReadAction\",\"target\":[\"https:\/\/www.rhokett.co.uk\/fr\/cookies-policy\/\"]}]},{\"@type\":\"BreadcrumbList\",\"@id\":\"https:\/\/www.rhokett.co.uk\/fr\/cookies-policy\/#breadcrumb\",\"itemListElement\":[{\"@type\":\"ListItem\",\"position\":1,\"name\":\"Home\",\"item\":\"https:\/\/www.rhokett.co.uk\/fr\/\"},{\"@type\":\"ListItem\",\"position\":2,\"name\":\"Politique en mati\u00e8re de cookies\"}]},{\"@type\":\"WebSite\",\"@id\":\"https:\/\/www.rhokett.co.uk\/fr\/#website\",\"url\":\"https:\/\/www.rhokett.co.uk\/fr\/\",\"name\":\"Rhokett\",\"description\":\"Home of Exquisite Desserts\",\"potentialAction\":[{\"@type\":\"SearchAction\",\"target\":{\"@type\":\"EntryPoint\",\"urlTemplate\":\"https:\/\/www.rhokett.co.uk\/fr\/?s={search_term_string}\"},\"query-input\":{\"@type\":\"PropertyValueSpecification\",\"valueRequired\":true,\"valueName\":\"search_term_string\"}}],\"inLanguage\":\"fr-FR\"}]}<\/script>\n<!-- \/ Yoast SEO plugin. -->","yoast_head_json":{"title":"Rhokett | Cookies Policy","description":"Read our cookie policy for information on what we collect to improve your experience on the Rhokett website.","robots":{"index":"index","follow":"follow","max-snippet":"max-snippet:-1","max-image-preview":"max-image-preview:large","max-video-preview":"max-video-preview:-1"},"canonical":"https:\/\/www.rhokett.co.uk\/fr\/cookies-policy\/","og_locale":"fr_FR","og_type":"article","og_title":"Rhokett | Cookies Policy","og_description":"Read our cookie policy for information on what we collect to improve your experience on the Rhokett website.","og_url":"https:\/\/www.rhokett.co.uk\/fr\/cookies-policy\/","og_site_name":"Rhokett","article_modified_time":"2025-10-06T11:22:04+00:00","twitter_card":"summary_large_image","schema":{"@context":"https:\/\/schema.org","@graph":[{"@type":"WebPage","@id":"https:\/\/www.rhokett.co.uk\/fr\/cookies-policy\/","url":"https:\/\/www.rhokett.co.uk\/fr\/cookies-policy\/","name":"Rhokett | Cookies Policy","isPartOf":{"@id":"https:\/\/www.rhokett.co.uk\/fr\/#website"},"datePublished":"2022-09-26T10:08:01+00:00","dateModified":"2025-10-06T11:22:04+00:00","description":"Read our cookie policy for information on what we collect to improve your experience on the Rhokett website.","breadcrumb":{"@id":"https:\/\/www.rhokett.co.uk\/fr\/cookies-policy\/#breadcrumb"},"inLanguage":"fr-FR","potentialAction":[{"@type":"ReadAction","target":["https:\/\/www.rhokett.co.uk\/fr\/cookies-policy\/"]}]},{"@type":"BreadcrumbList","@id":"https:\/\/www.rhokett.co.uk\/fr\/cookies-policy\/#breadcrumb","itemListElement":[{"@type":"ListItem","position":1,"name":"Home","item":"https:\/\/www.rhokett.co.uk\/fr\/"},{"@type":"ListItem","position":2,"name":"Politique en mati\u00e8re de cookies"}]},{"@type":"WebSite","@id":"https:\/\/www.rhokett.co.uk\/fr\/#website","url":"https:\/\/www.rhokett.co.uk\/fr\/","name":"Rhokett","description":"Home of Exquisite Desserts","potentialAction":[{"@type":"SearchAction","target":{"@type":"EntryPoint","urlTemplate":"https:\/\/www.rhokett.co.uk\/fr\/?s={search_term_string}"},"query-input":{"@type":"PropertyValueSpecification","valueRequired":true,"valueName":"search_term_string"}}],"inLanguage":"fr-FR"}]}},"_links":{"self":[{"href":"https:\/\/www.rhokett.co.uk\/fr\/wp-json\/wp\/v2\/pages\/580","targetHints":{"allow":["GET"]}}],"collection":[{"href":"https:\/\/www.rhokett.co.uk\/fr\/wp-json\/wp\/v2\/pages"}],"about":[{"href":"https:\/\/www.rhokett.co.uk\/fr\/wp-json\/wp\/v2\/types\/page"}],"author":[{"embeddable":true,"href":"https:\/\/www.rhokett.co.uk\/fr\/wp-json\/wp\/v2\/users\/2"}],"replies":[{"embeddable":true,"href":"https:\/\/www.rhokett.co.uk\/fr\/wp-json\/wp\/v2\/comments?post=580"}],"version-history":[{"count":1,"href":"https:\/\/www.rhokett.co.uk\/fr\/wp-json\/wp\/v2\/pages\/580\/revisions"}],"predecessor-version":[{"id":821,"href":"https:\/\/www.rhokett.co.uk\/fr\/wp-json\/wp\/v2\/pages\/580\/revisions\/821"}],"wp:attachment":[{"href":"https:\/\/www.rhokett.co.uk\/fr\/wp-json\/wp\/v2\/media?parent=580"}],"curies":[{"name":"wp","href":"https:\/\/api.w.org\/{rel}","templated":true}]}}