{"id":596,"date":"2022-09-23T12:51:01","date_gmt":"2022-09-23T11:51:01","guid":{"rendered":"https:\/\/staging.tannwestlake.net\/rhokett\/home\/"},"modified":"2025-10-30T09:15:03","modified_gmt":"2025-10-30T09:15:03","slug":"home","status":"publish","type":"page","link":"https:\/\/www.rhokett.co.uk\/de\/","title":{"rendered":"Home"},"content":{"rendered":"\n\n<section class=\"banner t-center\">\n            <div class=\"banner__slide is-active\" data-slide-index=\"0\" style=\"background-image: url(https:\/\/www.rhokett.co.uk\/wp-content\/uploads\/2025\/09\/Home-Hero-Cheesecake.jpg);\"><\/div><div class=\"banner__slide\" data-slide-index=\"1\" style=\"background-image: url(https:\/\/www.rhokett.co.uk\/wp-content\/uploads\/2025\/09\/Home-Hero-CarrotCake.jpg);\"><\/div><div class=\"banner__slide\" data-slide-index=\"2\" style=\"background-image: url(https:\/\/www.rhokett.co.uk\/wp-content\/uploads\/2025\/09\/Home-Hero-ChocolateBrownies.jpg);\"><\/div><div class=\"banner__slide\" data-slide-index=\"3\" style=\"background-image: url(https:\/\/www.rhokett.co.uk\/wp-content\/uploads\/2025\/09\/Home-Hero-DollarCake.jpg);\"><\/div>    \n    <div class=\"wrapper hn-hidden\">\n                    <\/div>\n<\/section>\n\n<section class=\"heading hn-hidden\">\n    <div class=\"wrapper\">\n        <div class=\"heading__title\"><h2>Das Leben ist kurz. <em>Essen Sie zuerst das Dessert\u2026<\/em><\/h2>\n<\/div>\n        <div class=\"heading__text\"><p><span style=\"font-weight: 400;\">Rhokett produziert eine Reihe von Luxusdesserts, darunter unseren legend\u00e4ren K\u00e4sekuchen, Torten, Mousses, Kuchen und vieles mehr. Alle unsere Desserts werden von Hand fertiggestellt, und unser Konditorteam sorgt daf\u00fcr, dass jedes Produkt den hohen Standards von Rhokett entspricht.<\/span><span style=\"font-weight: 400;\"><br \/>\n<\/span><\/p>\n<\/div>\n        <a href=\"https:\/\/www.rhokett.co.uk\/de\/products\/\" class=\"button\" target=\"_self\">Entdecken Sie das Sortiment<\/a>    <\/div>\n<\/section>\n\n<section class=\"featured-products hn-hidden\">\n    <div class=\"wrapper\">\n                    <div class=\"slider\">\n                                    <div class=\"col-sm-6 col-lg-4 t-center product-list\">\n                                                <a href=\"https:\/\/www.rhokett.co.uk\/de\/products\/sticky-and-sweet-almond-cake\/\" class=\"product-list__image\">\n                            <img decoding=\"async\" src=\"https:\/\/www.rhokett.co.uk\/wp-content\/uploads\/2025\/09\/AlmondCake.jpg\" alt=\"\">                                                    <\/a>\n                        <h3 class=\"h4 product-list__title\"><em>Sticky and Sweet<\/em> Almond Cake<\/h3>\n                        <p>Eleganter traditioneller Kuchen, hergestellt in Spanien mit dem Geschmack von Mandeln, Zucker und Eiern, der Sie in die wundersch\u00f6ne Landschaft Galiciens entf\u00fchrt.<\/p>\n                        <a href=\"https:\/\/www.rhokett.co.uk\/de\/products\/sticky-and-sweet-almond-cake\/\" class=\"button\">Erfahren Sie mehr<\/a>\n                    <\/div>\n                                    <div class=\"col-sm-6 col-lg-4 t-center product-list\">\n                                                <a href=\"https:\/\/www.rhokett.co.uk\/de\/products\/charming-chocolat-basque-cheesecakes\/\" class=\"product-list__image\">\n                            <img decoding=\"async\" src=\"https:\/\/www.rhokett.co.uk\/wp-content\/uploads\/2025\/09\/ChocolateBasque.jpg\" alt=\"\">                                                    <\/a>\n                        <h3 class=\"h4 product-list__title\"><em>Charming Chocolate<\/em> Basque Cheesecakes<\/h3>\n                        <p>Eine Schokoladenversion unseres baskischen K\u00e4sekuchens, authentisch hergestellt in unserer spanischen Produktionsst\u00e4tte.<\/p>\n                        <a href=\"https:\/\/www.rhokett.co.uk\/de\/products\/charming-chocolat-basque-cheesecakes\/\" class=\"button\">Erfahren Sie mehr<\/a>\n                    <\/div>\n                                    <div class=\"col-sm-6 col-lg-4 t-center product-list\">\n                                                <a href=\"https:\/\/www.rhokett.co.uk\/de\/products\/sticky-and-sweet-thanksgiving-pecan-pie\/\" class=\"product-list__image\">\n                            <img decoding=\"async\" src=\"https:\/\/www.rhokett.co.uk\/wp-content\/uploads\/2025\/09\/PecanPie.jpg\" alt=\"\">                                                    <\/a>\n                        <h3 class=\"h4 product-list__title\"><em>Sticky and Sweet<\/em> Thanksgiving Pecan Pie<\/h3>\n                        <p>Ein buttriger M\u00fcrbeteig, gef\u00fcllt mit einer s\u00fc\u00dfen, klebrigen Mischung und gehackten Pekann\u00fcssen.<\/p>\n                        <a href=\"https:\/\/www.rhokett.co.uk\/de\/products\/sticky-and-sweet-thanksgiving-pecan-pie\/\" class=\"button\">Erfahren Sie mehr<\/a>\n                    <\/div>\n                                    <div class=\"col-sm-6 col-lg-4 t-center product-list\">\n                                                <a href=\"https:\/\/www.rhokett.co.uk\/de\/products\/fabulously-festive-chocolate-christmas-star\/\" class=\"product-list__image\">\n                            <img decoding=\"async\" src=\"https:\/\/www.rhokett.co.uk\/wp-content\/uploads\/2025\/09\/ChocStar.jpg\" alt=\"\">                                                    <\/a>\n                        <h3 class=\"h4 product-list__title\"><em>Fabulously Festive<\/em> Chocolate Christmas Star<\/h3>\n                        <p>Milchschokoladenmousse mit einem versteckten Kern aus Salzkaramell, begleitet von Shortbread-Kekskugeln am Boden, verfeinert mit goldenem Schokoladenglanzpulver und einem Stern aus wei\u00dfer Schokolade obenauf.<\/p>\n                        <a href=\"https:\/\/www.rhokett.co.uk\/de\/products\/fabulously-festive-chocolate-christmas-star\/\" class=\"button\">Erfahren Sie mehr<\/a>\n                    <\/div>\n                                    <div class=\"col-sm-6 col-lg-4 t-center product-list\">\n                                                <a href=\"https:\/\/www.rhokett.co.uk\/de\/products\/cookies-and-scream-halloween-cheesecake\/\" class=\"product-list__image\">\n                            <img decoding=\"async\" src=\"https:\/\/www.rhokett.co.uk\/wp-content\/uploads\/2025\/09\/CookiesScream.jpg\" alt=\"\">                                                    <\/a>\n                        <h3 class=\"h4 product-list__title\"><em>Cookies and Scream<\/em> Halloween Cheesecake<\/h3>\n                        <p>Cremiger Vanille-K\u00e4sekuchen mit Schokoladenso\u00dfe auf einem Schokoladenkeksboden, gekr\u00f6nt mit einer Schokoladenspinne.<\/p>\n                        <a href=\"https:\/\/www.rhokett.co.uk\/de\/products\/cookies-and-scream-halloween-cheesecake\/\" class=\"button\">Erfahren Sie mehr<\/a>\n                    <\/div>\n                                    <div class=\"col-sm-6 col-lg-4 t-center product-list\">\n                                                <a href=\"https:\/\/www.rhokett.co.uk\/de\/products\/chocolate-super-bowl-touchdown-treats\/\" class=\"product-list__image\">\n                            <img decoding=\"async\" src=\"https:\/\/www.rhokett.co.uk\/wp-content\/uploads\/2025\/09\/SuperBowl.jpg\" alt=\"\">                                                    <\/a>\n                        <h3 class=\"h4 product-list__title\"><em>Chocolate Super Bowl<\/em> Touchdown Treats<\/h3>\n                        <p>Eine schokoladige Leckerei in Fu\u00dfballform aus Keksst\u00fccken, Marshmallows und Fudge-St\u00fcckchen, durchzogen von Karamellso\u00dfe.<\/p>\n                        <a href=\"https:\/\/www.rhokett.co.uk\/de\/products\/chocolate-super-bowl-touchdown-treats\/\" class=\"button\">Erfahren Sie mehr<\/a>\n                    <\/div>\n                                    <div class=\"col-sm-6 col-lg-4 t-center product-list\">\n                                                <a href=\"https:\/\/www.rhokett.co.uk\/de\/products\/exceptionally-exquisite-lemon-cheesecake-pots\/\" class=\"product-list__image\">\n                            <img decoding=\"async\" src=\"https:\/\/www.rhokett.co.uk\/wp-content\/uploads\/2022\/11\/lemon-cheesecake-pots-rhokett.jpg\" alt=\"Exceptionally Exquisite Lemon Cheesecake Pots\">                                                    <\/a>\n                        <h3 class=\"h4 product-list__title\"><em>Exceptionally Exquisite<\/em> Lemon Cheesecake Pots<\/h3>\n                        <p>Karamellisierter Keksboden gekr\u00f6nt mit erfrischendem Zitronen-K\u00e4sekuchen und Zitronencreme.<\/p>\n                        <a href=\"https:\/\/www.rhokett.co.uk\/de\/products\/exceptionally-exquisite-lemon-cheesecake-pots\/\" class=\"button\">Erfahren Sie mehr<\/a>\n                    <\/div>\n                                    <div class=\"col-sm-6 col-lg-4 t-center product-list\">\n                                                <a href=\"https:\/\/www.rhokett.co.uk\/de\/products\/lovingly-luscious-lemon-yuzu-tarts\/\" class=\"product-list__image\">\n                            <img decoding=\"async\" src=\"https:\/\/www.rhokett.co.uk\/wp-content\/uploads\/2022\/11\/lemon-yuzu-tart-rhokett.jpg\" alt=\"Lemon Yuzu Tart\">                                                    <\/a>\n                        <h3 class=\"h4 product-list__title\"><em>Lovingly Luscious<\/em> Lemon &#038; Yuzu Tarts<\/h3>\n                        <p>Buttergeb\u00e4ck mit einer \u00fcberraschend spritzigen Zitronen-Yuzu-F\u00fcllung, garniert mit einer leichten s\u00fc\u00dfen Best\u00e4ubung.<\/p>\n                        <a href=\"https:\/\/www.rhokett.co.uk\/de\/products\/lovingly-luscious-lemon-yuzu-tarts\/\" class=\"button\">Erfahren Sie mehr<\/a>\n                    <\/div>\n                                    <div class=\"col-sm-6 col-lg-4 t-center product-list\">\n                                                                                    <div class=\"sticker sticker--vegan-de\"><\/div>\n                                                                            <a href=\"https:\/\/www.rhokett.co.uk\/de\/products\/velvety-vegan-lemon-raspberry-creamy-slices-ve\/\" class=\"product-list__image\">\n                            <img decoding=\"async\" src=\"https:\/\/www.rhokett.co.uk\/wp-content\/uploads\/2022\/10\/RaspberryLemon-VeganCheesecake.jpg\" alt=\"\">                                                    <\/a>\n                        <h3 class=\"h4 product-list__title\"><em>Velvety Vegan<\/em> Lemon &#038; Raspberry Creamy Slices<\/h3>\n                        <p>Vegane Zitronen-Creme-Schnitten mit k\u00f6stlichen Strudeln aus reichhaltiger Himbeersauce auf einem Haferkeksboden.<\/p>\n                        <a href=\"https:\/\/www.rhokett.co.uk\/de\/products\/velvety-vegan-lemon-raspberry-creamy-slices-ve\/\" class=\"button\">Erfahren Sie mehr<\/a>\n                    <\/div>\n                            <\/div>\n            <\/div>\n<\/section>\n\n<section class=\"features\">\n    <div class=\"wrapper\">\n        <div class=\"features__title t-center hn-hidden\">\n            <h2><b><em>Desserts<\/em> wie keine anderen<\/b><\/h2>\n        <\/div>\n                    <div class=\"row\">\n                                    <div class=\"col-sm-4 hn-hidden\">\n                        <div class=\"feature t-center\">\n                            <div class=\"feature__icon\">\n                                <img decoding=\"async\" src=\"https:\/\/www.rhokett.co.uk\/wp-content\/themes\/rhokett\/src\/images\/icon-dessert.svg\" alt=\"\">\n                            <\/div>\n                            <h3 class=\"h4\">Nat\u00fcrliche Zutaten<\/h3>\n                            <div class=\"feature__text\">\n                                <p>Wir verwenden nur die besten Zutaten und sind stolz auf unsere au\u00dfergew\u00f6hnlichen handgefertigten Desserts.<\/p>\n                            <\/div>\n                        <\/div>\n                    <\/div>\n                                    <div class=\"col-sm-4 hn-hidden\">\n                        <div class=\"feature t-center\">\n                            <div class=\"feature__icon\">\n                                <img decoding=\"async\" src=\"https:\/\/www.rhokett.co.uk\/wp-content\/themes\/rhokett\/src\/images\/icon-cutlery.svg\" alt=\"\">\n                            <\/div>\n                            <h3 class=\"h4\">Handgefertigt<\/h3>\n                            <div class=\"feature__text\">\n                                <p>Unser engagiertes Team unter der Leitung von Konditorinnen und Konditoren ist stolz darauf, handgefertigte und von Hand veredelte Desserts zu entwickeln und herzustellen.<\/p>\n                            <\/div>\n                        <\/div>\n                    <\/div>\n                                    <div class=\"col-sm-4 hn-hidden\">\n                        <div class=\"feature t-center\">\n                            <div class=\"feature__icon\">\n                                <img decoding=\"async\" src=\"https:\/\/www.rhokett.co.uk\/wp-content\/themes\/rhokett\/src\/images\/icon-earth.svg\" alt=\"\">\n                            <\/div>\n                            <h3 class=\"h4\">Engagiert<\/h3>\n                            <div class=\"feature__text\">\n                                <p>Wir sind stolz auf unsere Umweltbem\u00fchungen, darunter die Verwendung von FSC-Karton f\u00fcr recycelbare Verpackungen.<\/p>\n                            <\/div>\n                        <\/div>\n                    <\/div>\n                            <\/div>\n            <\/div>\n<\/section>\n\n<section class=\"image-text image-text--white image-text--image--left image-text--width--wide\">\n    <div class=\"wrapper\">\n        <div class=\"row align-items align-items--center\">\n            <div class=\"offset-sm-7 col-sm-5 image-text__text hn-hidden\">\n                <div class=\"image-text__title\">\n                    <h2><b>Die Heimat<\/b><br \/>\n<b><em>au\u00dfergew\u00f6hnlicher<\/em> Desserts<\/b><\/h2>\n                <\/div>\n                <p><span style=\"font-weight: 400;\">Rhokett wurde 2002 mit Unterst\u00fctzung des verstorbenen Michelin-Sternekochs Gary Rhodes, OBE, gegr\u00fcndet. Rhokett produziert eine Reihe von Luxusdesserts, darunter unsere legend\u00e4ren K\u00e4sekuchen.<\/span><\/p>\n<p><span style=\"font-weight: 400;\">Dank der langj\u00e4hrigen Erfahrung von Rhokett sind wir in der Lage, eine Vielzahl von Kunden, darunter Superm\u00e4rkte und Gastronomiebetriebe, mit au\u00dfergew\u00f6hnlichen Desserts zu beliefern.<\/span><\/p>\n                                    <a href=\"https:\/\/www.rhokett.co.uk\/our-story\/\" class=\"button button--wide\" target=\"_self\">Unsere Geschichte<\/a>\n                            <\/div>\n                    <\/div>\n    <\/div>\n            <img decoding=\"async\" src=\"https:\/\/www.rhokett.co.uk\/wp-content\/uploads\/2025\/09\/GroupShot.jpg\" alt=\"\" class=\"image-text__image\">\n        <\/section>\n\n<section class=\"image-text image-text--marble image-text--image--right image-text--width--normal\">\n    <div class=\"wrapper\">\n        <div class=\"row align-items align-items--center\">\n            <div class=\"col-sm-5 image-text__text hn-hidden\">\n                <div class=\"image-text__title\">\n                    <h2><b><em>Vers\u00fc\u00dfen<\/em> Sie Ihre Auswahl<\/b><\/h2>\n                <\/div>\n                <p><span style=\"font-weight: 400;\">Laden Sie unsere Produktbrosch\u00fcren herunter, um unser komplettes Sortiment an Kuchen, Geb\u00e4ck und Desserts zu entdecken. Jede Brosch\u00fcre ist ein detaillierter Leitfaden mit hochwertigen Bildern und Beschreibungen unserer k\u00f6stlichen Leckereien.<\/span><\/p>\n<p><span style=\"font-weight: 400;\">Finden Sie die perfekten Optionen, um Ihre Kunden zu begeistern, und entdecken Sie, warum unsere Desserts die ideale Wahl sind.<\/span><\/p>\n                                    <a href=\"https:\/\/www.rhokett.co.uk\/product-brochures\/\" class=\"button button--wide\" target=\"_self\">Erfahren Sie mehr<\/a>\n                            <\/div>\n                    <\/div>\n    <\/div>\n            <img decoding=\"async\" src=\"https:\/\/www.rhokett.co.uk\/wp-content\/uploads\/2025\/09\/Brochures.png\" alt=\"\" class=\"image-text__image\">\n        <\/section>","protected":false},"excerpt":{"rendered":"","protected":false},"author":2,"featured_media":0,"parent":0,"menu_order":0,"comment_status":"closed","ping_status":"closed","template":"","meta":{"_acf_changed":false,"footnotes":""},"class_list":["post-596","page","type-page","status-publish","hentry"],"acf":[],"yoast_head":"<!-- This site is optimized with the Yoast SEO plugin v26.3 - https:\/\/yoast.com\/wordpress\/plugins\/seo\/ -->\n<title>Rhokett | Home<\/title>\n<meta name=\"description\" content=\"Welcome to the Rhokett site. Using the finest ingredients, we pride ourselves on our exceptional handmade desserts that you simply won&#039;t find anywhere else.\" \/>\n<meta name=\"robots\" content=\"index, follow, max-snippet:-1, max-image-preview:large, max-video-preview:-1\" \/>\n<link rel=\"canonical\" href=\"https:\/\/www.rhokett.co.uk\/de\/\" \/>\n<meta property=\"og:locale\" content=\"de_DE\" \/>\n<meta property=\"og:type\" content=\"article\" \/>\n<meta property=\"og:title\" content=\"Rhokett | Home\" \/>\n<meta property=\"og:description\" content=\"Welcome to the Rhokett site. Using the finest ingredients, we pride ourselves on our exceptional handmade desserts that you simply won&#039;t find anywhere else.\" \/>\n<meta property=\"og:url\" content=\"https:\/\/www.rhokett.co.uk\/de\/\" \/>\n<meta property=\"og:site_name\" content=\"Rhokett\" \/>\n<meta property=\"article:modified_time\" content=\"2025-10-30T09:15:03+00:00\" \/>\n<meta name=\"twitter:card\" content=\"summary_large_image\" \/>\n<script type=\"application\/ld+json\" class=\"yoast-schema-graph\">{\"@context\":\"https:\/\/schema.org\",\"@graph\":[{\"@type\":\"WebPage\",\"@id\":\"https:\/\/www.rhokett.co.uk\/de\/\",\"url\":\"https:\/\/www.rhokett.co.uk\/de\/\",\"name\":\"Rhokett | Home\",\"isPartOf\":{\"@id\":\"https:\/\/www.rhokett.co.uk\/de\/#website\"},\"datePublished\":\"2022-09-23T11:51:01+00:00\",\"dateModified\":\"2025-10-30T09:15:03+00:00\",\"description\":\"Welcome to the Rhokett site. Using the finest ingredients, we pride ourselves on our exceptional handmade desserts that you simply won't find anywhere else.\",\"breadcrumb\":{\"@id\":\"https:\/\/www.rhokett.co.uk\/de\/#breadcrumb\"},\"inLanguage\":\"de-DE\",\"potentialAction\":[{\"@type\":\"ReadAction\",\"target\":[\"https:\/\/www.rhokett.co.uk\/de\/\"]}]},{\"@type\":\"BreadcrumbList\",\"@id\":\"https:\/\/www.rhokett.co.uk\/de\/#breadcrumb\",\"itemListElement\":[{\"@type\":\"ListItem\",\"position\":1,\"name\":\"Home\",\"item\":\"https:\/\/www.rhokett.co.uk\/de\/\"},{\"@type\":\"ListItem\",\"position\":2,\"name\":\"Home\"}]},{\"@type\":\"WebSite\",\"@id\":\"https:\/\/www.rhokett.co.uk\/de\/#website\",\"url\":\"https:\/\/www.rhokett.co.uk\/de\/\",\"name\":\"Rhokett\",\"description\":\"Home of Exquisite Desserts\",\"potentialAction\":[{\"@type\":\"SearchAction\",\"target\":{\"@type\":\"EntryPoint\",\"urlTemplate\":\"https:\/\/www.rhokett.co.uk\/de\/?s={search_term_string}\"},\"query-input\":{\"@type\":\"PropertyValueSpecification\",\"valueRequired\":true,\"valueName\":\"search_term_string\"}}],\"inLanguage\":\"de-DE\"}]}<\/script>\n<!-- \/ Yoast SEO plugin. -->","yoast_head_json":{"title":"Rhokett | Home","description":"Welcome to the Rhokett site. Using the finest ingredients, we pride ourselves on our exceptional handmade desserts that you simply won't find anywhere else.","robots":{"index":"index","follow":"follow","max-snippet":"max-snippet:-1","max-image-preview":"max-image-preview:large","max-video-preview":"max-video-preview:-1"},"canonical":"https:\/\/www.rhokett.co.uk\/de\/","og_locale":"de_DE","og_type":"article","og_title":"Rhokett | Home","og_description":"Welcome to the Rhokett site. Using the finest ingredients, we pride ourselves on our exceptional handmade desserts that you simply won't find anywhere else.","og_url":"https:\/\/www.rhokett.co.uk\/de\/","og_site_name":"Rhokett","article_modified_time":"2025-10-30T09:15:03+00:00","twitter_card":"summary_large_image","schema":{"@context":"https:\/\/schema.org","@graph":[{"@type":"WebPage","@id":"https:\/\/www.rhokett.co.uk\/de\/","url":"https:\/\/www.rhokett.co.uk\/de\/","name":"Rhokett | Home","isPartOf":{"@id":"https:\/\/www.rhokett.co.uk\/de\/#website"},"datePublished":"2022-09-23T11:51:01+00:00","dateModified":"2025-10-30T09:15:03+00:00","description":"Welcome to the Rhokett site. Using the finest ingredients, we pride ourselves on our exceptional handmade desserts that you simply won't find anywhere else.","breadcrumb":{"@id":"https:\/\/www.rhokett.co.uk\/de\/#breadcrumb"},"inLanguage":"de-DE","potentialAction":[{"@type":"ReadAction","target":["https:\/\/www.rhokett.co.uk\/de\/"]}]},{"@type":"BreadcrumbList","@id":"https:\/\/www.rhokett.co.uk\/de\/#breadcrumb","itemListElement":[{"@type":"ListItem","position":1,"name":"Home","item":"https:\/\/www.rhokett.co.uk\/de\/"},{"@type":"ListItem","position":2,"name":"Home"}]},{"@type":"WebSite","@id":"https:\/\/www.rhokett.co.uk\/de\/#website","url":"https:\/\/www.rhokett.co.uk\/de\/","name":"Rhokett","description":"Home of Exquisite Desserts","potentialAction":[{"@type":"SearchAction","target":{"@type":"EntryPoint","urlTemplate":"https:\/\/www.rhokett.co.uk\/de\/?s={search_term_string}"},"query-input":{"@type":"PropertyValueSpecification","valueRequired":true,"valueName":"search_term_string"}}],"inLanguage":"de-DE"}]}},"_links":{"self":[{"href":"https:\/\/www.rhokett.co.uk\/de\/wp-json\/wp\/v2\/pages\/596","targetHints":{"allow":["GET"]}}],"collection":[{"href":"https:\/\/www.rhokett.co.uk\/de\/wp-json\/wp\/v2\/pages"}],"about":[{"href":"https:\/\/www.rhokett.co.uk\/de\/wp-json\/wp\/v2\/types\/page"}],"author":[{"embeddable":true,"href":"https:\/\/www.rhokett.co.uk\/de\/wp-json\/wp\/v2\/users\/2"}],"replies":[{"embeddable":true,"href":"https:\/\/www.rhokett.co.uk\/de\/wp-json\/wp\/v2\/comments?post=596"}],"version-history":[{"count":6,"href":"https:\/\/www.rhokett.co.uk\/de\/wp-json\/wp\/v2\/pages\/596\/revisions"}],"predecessor-version":[{"id":895,"href":"https:\/\/www.rhokett.co.uk\/de\/wp-json\/wp\/v2\/pages\/596\/revisions\/895"}],"wp:attachment":[{"href":"https:\/\/www.rhokett.co.uk\/de\/wp-json\/wp\/v2\/media?parent=596"}],"curies":[{"name":"wp","href":"https:\/\/api.w.org\/{rel}","templated":true}]}}