{"id":592,"date":"2022-09-23T12:55:20","date_gmt":"2022-09-23T11:55:20","guid":{"rendered":"https:\/\/staging.tannwestlake.net\/rhokett\/our-story\/"},"modified":"2025-10-09T15:50:38","modified_gmt":"2025-10-09T14:50:38","slug":"our-story","status":"publish","type":"page","link":"https:\/\/www.rhokett.co.uk\/de\/our-story\/","title":{"rendered":"Unsere Geschichte"},"content":{"rendered":"<section class=\"heading hn-hidden\">\n    <div class=\"wrapper\">\n        <div class=\"heading__title\"><h1 class=\"h2\"><b>Das Leben ist sch\u00f6ner mit einem <em>Dessert<\/em><\/b><\/h1>\n<\/div>\n        <div class=\"heading__text\"><p><span style=\"font-weight: 400;\">Unsere k\u00f6stliche Geschichte von Anfang bis Ende.<\/span><\/p>\n<\/div>\n            <\/div>\n<\/section>\n\n<section class=\"image-text image-text--marble image-text--image--left image-text--width--small\">\n    <div class=\"wrapper\">\n        <div class=\"row align-items align-items--center\">\n            <div class=\"col-sm-5 image-text__text hn-hidden\">\n                <div class=\"image-text__title\">\n                    <h4><b>Wie alles begann<\/b><\/h4>\n                <\/div>\n                <p><span style=\"font-weight: 400;\">Das Unternehmen wurde 2002 mit Unterst\u00fctzung des verstorbenen Michelin-Sternekochs Gary Rhodes, OBE, gegr\u00fcndet. Rhokett produziert eine Reihe von Luxusdesserts, darunter unsere legend\u00e4ren K\u00e4sekuchen und fr\u00fcher auch Torten, Mousses, Kuchen und vieles mehr. Alle Desserts werden von Hand fertiggestellt, und unser Konditorteam sorgt daf\u00fcr, dass jedes Produkt den hohen Standards von Rhokett entspricht.<\/span><\/p>\n<p><span style=\"font-weight: 400;\">Bei Rhokett sind wir stolz auf unsere au\u00dfergew\u00f6hnlichen handgefertigten Desserts. Wir verwenden nur die besten Zutaten und schulen unser Personal nach den h\u00f6chsten Standards.<\/span><\/p>\n                            <\/div>\n                            <div class=\"col-sm-7 image-text__image hn-hidden\">\n                    <img decoding=\"async\" src=\"https:\/\/www.rhokett.co.uk\/wp-content\/uploads\/2022\/10\/cheesecake-production.jpg\" alt=\"\">\n                <\/div>\n                    <\/div>\n    <\/div>\n    <\/section>\n\n<section class=\"image-text image-text--marble image-text--image--right image-text--width--small\">\n    <div class=\"wrapper\">\n        <div class=\"row align-items align-items--center\">\n            <div class=\"col-sm-5 image-text__text hn-hidden\">\n                <div class=\"image-text__title\">\n                    <h4><b>H\u00f6chste Standards<\/b><\/h4>\n                <\/div>\n                <p><span style=\"font-weight: 400;\">Rhokett verf\u00fcgt \u00fcber zwei BRCGS-zertifizierte A+ High Care-Produktionsst\u00e4tten mit \u00fcber 150 Jahren Erfahrung im Bereich Backwaren. Neben BRCGS ist Rhokett auch Mitglied von Bureau Veritas, Sedex und RSPO.<\/p>\n<p>Dank der langj\u00e4hrigen Erfahrung von Rhokett sind wir in der Lage, eine Vielzahl von Kunden, darunter Superm\u00e4rkte, Fluggesellschaften und F\u00fcnf-Sterne-Hotels, mit au\u00dfergew\u00f6hnlichen Desserts zu beliefern.<br \/>\n<\/span><\/p>\n                            <\/div>\n                            <div class=\"col-sm-7 image-text__image hn-hidden\">\n                    <img decoding=\"async\" src=\"https:\/\/www.rhokett.co.uk\/wp-content\/uploads\/2022\/10\/finishing-touches-to-desserts.jpg\" alt=\"\">\n                <\/div>\n                    <\/div>\n    <\/div>\n    <\/section>\n\n<section class=\"page-break page-break--grey\">\n    <div class=\"wrapper\">\n        <hr class=\"dotted\">\n    <\/div>\n<\/section>\n\n<section class=\"heading hn-hidden\">\n    <div class=\"wrapper\">\n        <div class=\"heading__title\"><h2><b>Unsere <em>F\u00fchrungsmannschaft<\/em><\/b><\/h2>\n<\/div>\n        <div class=\"heading__text\"><\/div>\n            <\/div>\n<\/section>\n\n<section class=\"team-members\">\n    <div class=\"wrapper\">\n                    <div class=\"row\">\n                                    <div class=\"col-sm-6 col-md-4 hn-hidden\">\n                        <div class=\"team-member t-center\">\n                                                        <h3 class=\"h4\">Mikel Beitia<\/h3>\n                            <div class=\"team-member__text\">\n                                <p>CEO<\/p>\n                            <\/div>\n                        <\/div>\n                    <\/div>\n                                    <div class=\"col-sm-6 col-md-4 hn-hidden\">\n                        <div class=\"team-member t-center\">\n                                                        <h3 class=\"h4\">Amanda Russell-Ingamells<\/h3>\n                            <div class=\"team-member__text\">\n                                <p>Gesch\u00e4ftsf\u00fchrerin<\/p>\n                            <\/div>\n                        <\/div>\n                    <\/div>\n                                    <div class=\"col-sm-6 col-md-4 hn-hidden\">\n                        <div class=\"team-member t-center\">\n                                                        <h3 class=\"h4\">Judith Jewiss<\/h3>\n                            <div class=\"team-member__text\">\n                                <p>Finanzdirektorin<\/p>\n                            <\/div>\n                        <\/div>\n                    <\/div>\n                                    <div class=\"col-sm-6 col-md-4 hn-hidden\">\n                        <div class=\"team-member t-center\">\n                                                        <h3 class=\"h4\">Matt Bradford<\/h3>\n                            <div class=\"team-member__text\">\n                                <p>Produktionsleiter<\/p>\n                            <\/div>\n                        <\/div>\n                    <\/div>\n                                    <div class=\"col-sm-6 col-md-4 hn-hidden\">\n                        <div class=\"team-member t-center\">\n                                                        <h3 class=\"h4\">Trish Karassellos<\/h3>\n                            <div class=\"team-member__text\">\n                                <p>Kaufm\u00e4nnische Direktorin<\/p>\n                            <\/div>\n                        <\/div>\n                    <\/div>\n                                    <div class=\"col-sm-6 col-md-4 hn-hidden\">\n                        <div class=\"team-member t-center\">\n                                                        <h3 class=\"h4\">Richard Bracking<\/h3>\n                            <div class=\"team-member__text\">\n                                <p>Innovationsdirektor<\/p>\n                            <\/div>\n                        <\/div>\n                    <\/div>\n                                    <div class=\"col-sm-6 col-md-4 hn-hidden\">\n                        <div class=\"team-member t-center\">\n                                                        <h3 class=\"h4\">Zoe Fogel<\/h3>\n                            <div class=\"team-member__text\">\n                                <p>Personalmanagerin<\/p>\n                            <\/div>\n                        <\/div>\n                    <\/div>\n                                    <div class=\"col-sm-6 col-md-4 hn-hidden\">\n                        <div class=\"team-member t-center\">\n                                                        <h3 class=\"h4\">Jolanta Phipps<\/h3>\n                            <div class=\"team-member__text\">\n                                <p>Technische Leiterin<\/p>\n                            <\/div>\n                        <\/div>\n                    <\/div>\n                            <\/div>\n            <\/div>\n<\/section>","protected":false},"excerpt":{"rendered":"","protected":false},"author":2,"featured_media":0,"parent":0,"menu_order":0,"comment_status":"closed","ping_status":"closed","template":"","meta":{"_acf_changed":false,"footnotes":""},"class_list":["post-592","page","type-page","status-publish","hentry"],"acf":[],"yoast_head":"<!-- This site is optimized with the Yoast SEO plugin v26.3 - https:\/\/yoast.com\/wordpress\/plugins\/seo\/ -->\n<title>Rhokett | Our Story<\/title>\n<meta name=\"description\" content=\"Rhokett was established in 2002, with support from Michelin star chef Gary Rhodes, OBE. Read about our story from start to where we are now.\" \/>\n<meta name=\"robots\" content=\"index, follow, max-snippet:-1, max-image-preview:large, max-video-preview:-1\" \/>\n<link rel=\"canonical\" href=\"https:\/\/www.rhokett.co.uk\/de\/our-story\/\" \/>\n<meta property=\"og:locale\" content=\"de_DE\" \/>\n<meta property=\"og:type\" content=\"article\" \/>\n<meta property=\"og:title\" content=\"Rhokett | Our Story\" \/>\n<meta property=\"og:description\" content=\"Rhokett was established in 2002, with support from Michelin star chef Gary Rhodes, OBE. Read about our story from start to where we are now.\" \/>\n<meta property=\"og:url\" content=\"https:\/\/www.rhokett.co.uk\/de\/our-story\/\" \/>\n<meta property=\"og:site_name\" content=\"Rhokett\" \/>\n<meta property=\"article:modified_time\" content=\"2025-10-09T14:50:38+00:00\" \/>\n<meta name=\"twitter:card\" content=\"summary_large_image\" \/>\n<script type=\"application\/ld+json\" class=\"yoast-schema-graph\">{\"@context\":\"https:\/\/schema.org\",\"@graph\":[{\"@type\":\"WebPage\",\"@id\":\"https:\/\/www.rhokett.co.uk\/de\/our-story\/\",\"url\":\"https:\/\/www.rhokett.co.uk\/de\/our-story\/\",\"name\":\"Rhokett | Our Story\",\"isPartOf\":{\"@id\":\"https:\/\/www.rhokett.co.uk\/de\/#website\"},\"datePublished\":\"2022-09-23T11:55:20+00:00\",\"dateModified\":\"2025-10-09T14:50:38+00:00\",\"description\":\"Rhokett was established in 2002, with support from Michelin star chef Gary Rhodes, OBE. Read about our story from start to where we are now.\",\"breadcrumb\":{\"@id\":\"https:\/\/www.rhokett.co.uk\/de\/our-story\/#breadcrumb\"},\"inLanguage\":\"de-DE\",\"potentialAction\":[{\"@type\":\"ReadAction\",\"target\":[\"https:\/\/www.rhokett.co.uk\/de\/our-story\/\"]}]},{\"@type\":\"BreadcrumbList\",\"@id\":\"https:\/\/www.rhokett.co.uk\/de\/our-story\/#breadcrumb\",\"itemListElement\":[{\"@type\":\"ListItem\",\"position\":1,\"name\":\"Home\",\"item\":\"https:\/\/www.rhokett.co.uk\/de\/\"},{\"@type\":\"ListItem\",\"position\":2,\"name\":\"Unsere Geschichte\"}]},{\"@type\":\"WebSite\",\"@id\":\"https:\/\/www.rhokett.co.uk\/de\/#website\",\"url\":\"https:\/\/www.rhokett.co.uk\/de\/\",\"name\":\"Rhokett\",\"description\":\"Home of Exquisite Desserts\",\"potentialAction\":[{\"@type\":\"SearchAction\",\"target\":{\"@type\":\"EntryPoint\",\"urlTemplate\":\"https:\/\/www.rhokett.co.uk\/de\/?s={search_term_string}\"},\"query-input\":{\"@type\":\"PropertyValueSpecification\",\"valueRequired\":true,\"valueName\":\"search_term_string\"}}],\"inLanguage\":\"de-DE\"}]}<\/script>\n<!-- \/ Yoast SEO plugin. -->","yoast_head_json":{"title":"Rhokett | Our Story","description":"Rhokett was established in 2002, with support from Michelin star chef Gary Rhodes, OBE. Read about our story from start to where we are now.","robots":{"index":"index","follow":"follow","max-snippet":"max-snippet:-1","max-image-preview":"max-image-preview:large","max-video-preview":"max-video-preview:-1"},"canonical":"https:\/\/www.rhokett.co.uk\/de\/our-story\/","og_locale":"de_DE","og_type":"article","og_title":"Rhokett | Our Story","og_description":"Rhokett was established in 2002, with support from Michelin star chef Gary Rhodes, OBE. Read about our story from start to where we are now.","og_url":"https:\/\/www.rhokett.co.uk\/de\/our-story\/","og_site_name":"Rhokett","article_modified_time":"2025-10-09T14:50:38+00:00","twitter_card":"summary_large_image","schema":{"@context":"https:\/\/schema.org","@graph":[{"@type":"WebPage","@id":"https:\/\/www.rhokett.co.uk\/de\/our-story\/","url":"https:\/\/www.rhokett.co.uk\/de\/our-story\/","name":"Rhokett | Our Story","isPartOf":{"@id":"https:\/\/www.rhokett.co.uk\/de\/#website"},"datePublished":"2022-09-23T11:55:20+00:00","dateModified":"2025-10-09T14:50:38+00:00","description":"Rhokett was established in 2002, with support from Michelin star chef Gary Rhodes, OBE. Read about our story from start to where we are now.","breadcrumb":{"@id":"https:\/\/www.rhokett.co.uk\/de\/our-story\/#breadcrumb"},"inLanguage":"de-DE","potentialAction":[{"@type":"ReadAction","target":["https:\/\/www.rhokett.co.uk\/de\/our-story\/"]}]},{"@type":"BreadcrumbList","@id":"https:\/\/www.rhokett.co.uk\/de\/our-story\/#breadcrumb","itemListElement":[{"@type":"ListItem","position":1,"name":"Home","item":"https:\/\/www.rhokett.co.uk\/de\/"},{"@type":"ListItem","position":2,"name":"Unsere Geschichte"}]},{"@type":"WebSite","@id":"https:\/\/www.rhokett.co.uk\/de\/#website","url":"https:\/\/www.rhokett.co.uk\/de\/","name":"Rhokett","description":"Home of Exquisite Desserts","potentialAction":[{"@type":"SearchAction","target":{"@type":"EntryPoint","urlTemplate":"https:\/\/www.rhokett.co.uk\/de\/?s={search_term_string}"},"query-input":{"@type":"PropertyValueSpecification","valueRequired":true,"valueName":"search_term_string"}}],"inLanguage":"de-DE"}]}},"_links":{"self":[{"href":"https:\/\/www.rhokett.co.uk\/de\/wp-json\/wp\/v2\/pages\/592","targetHints":{"allow":["GET"]}}],"collection":[{"href":"https:\/\/www.rhokett.co.uk\/de\/wp-json\/wp\/v2\/pages"}],"about":[{"href":"https:\/\/www.rhokett.co.uk\/de\/wp-json\/wp\/v2\/types\/page"}],"author":[{"embeddable":true,"href":"https:\/\/www.rhokett.co.uk\/de\/wp-json\/wp\/v2\/users\/2"}],"replies":[{"embeddable":true,"href":"https:\/\/www.rhokett.co.uk\/de\/wp-json\/wp\/v2\/comments?post=592"}],"version-history":[{"count":3,"href":"https:\/\/www.rhokett.co.uk\/de\/wp-json\/wp\/v2\/pages\/592\/revisions"}],"predecessor-version":[{"id":865,"href":"https:\/\/www.rhokett.co.uk\/de\/wp-json\/wp\/v2\/pages\/592\/revisions\/865"}],"wp:attachment":[{"href":"https:\/\/www.rhokett.co.uk\/de\/wp-json\/wp\/v2\/media?parent=592"}],"curies":[{"name":"wp","href":"https:\/\/api.w.org\/{rel}","templated":true}]}}