{"id":581,"date":"2022-09-26T11:08:01","date_gmt":"2022-09-26T10:08:01","guid":{"rendered":"https:\/\/staging.tannwestlake.net\/rhokett\/cookies-policy\/"},"modified":"2025-10-10T14:55:30","modified_gmt":"2025-10-10T13:55:30","slug":"cookies-policy","status":"publish","type":"page","link":"https:\/\/www.rhokett.co.uk\/de\/cookies-policy\/","title":{"rendered":"Cookie-Richtlinie"},"content":{"rendered":"<section class=\"heading hn-hidden\">\n    <div class=\"wrapper\">\n        <div class=\"heading__title\"><h1><b>Cookie-<em>Richtlinie<\/em><\/b><\/h1>\n<\/div>\n        <div class=\"heading__text\"><\/div>\n            <\/div>\n<\/section>\n\n<section class=\"text\">\n    <div class=\"wrapper\">\n        <h3>1. <span style=\"font-weight: 400;\"><strong>Einleitung<\/strong><\/span><\/h3>\n<p><span style=\"font-weight: 400;\">Unsere Website verwendet Cookies.<\/span><\/p>\n<p><span style=\"font-weight: 400;\">Soweit diese Cookies f\u00fcr die Bereitstellung unserer Website und unserer Dienste nicht unbedingt erforderlich sind, bitten wir Sie bei Ihrem ersten Besuch unserer Website um Ihre Zustimmung zur Verwendung von Cookies.<\/span><\/p>\n<h3>2. <span style=\"font-weight: 400;\"><strong>\u00dcber Cookies<\/strong><\/span><\/h3>\n<p><span style=\"font-weight: 400;\">Ein Cookie ist eine Datei, die eine Kennung (eine Folge von Buchstaben und Zahlen) enth\u00e4lt, die von einem Webserver an einen Webbrowser gesendet und vom Browser gespeichert wird. Die Kennung wird dann jedes Mal an den Server zur\u00fcckgesendet, wenn der Browser eine Seite vom Server anfordert.<\/span><\/p>\n<p><span style=\"font-weight: 400;\">Cookies k\u00f6nnen entweder \u201edauerhafte\u201d Cookies oder \u201eSitzungscookies\u201d sein: Ein dauerhaftes Cookie wird von einem Webbrowser gespeichert und bleibt bis zu seinem festgelegten Ablaufdatum g\u00fcltig, sofern es nicht vor Ablaufdatum vom Benutzer gel\u00f6scht wird; ein Sitzungscookie hingegen l\u00e4uft am Ende der Benutzersitzung ab, wenn der Webbrowser geschlossen wird.<\/span><\/p>\n<p><span style=\"font-weight: 400;\">Cookies d\u00fcrfen keine Informationen enthalten, die einen Benutzer pers\u00f6nlich identifizieren, aber personenbezogene Daten, die wir \u00fcber Sie speichern, k\u00f6nnen mit den in Cookies gespeicherten und aus Cookies gewonnenen Informationen verkn\u00fcpft werden.<\/span><\/p>\n<h3>3.<strong> Von uns verwendete Cookies<\/strong><\/h3>\n<p><span style=\"font-weight: 400;\">Wir verwenden Cookies f\u00fcr folgende Zwecke:<\/span><\/p>\n<p>(a) <strong>Authentifizierung und Status<\/strong>\u00a0&#8211; <span style=\"font-weight: 400;\">Wir verwenden Cookies, um Sie zu identifizieren, wenn Sie unsere Website besuchen und auf unserer Website navigieren, und um festzustellen, ob Sie auf unserer Website angemeldet sind. (Zu diesem Zweck verwendete Cookies sind: _ga;, cookielawinfo-checkbox-advertisement, _gh-sess, cookielawinfo-checkbox-neccessary, cookielawinfo-checkbox-functional, cookielawinfo-checkbox-performance, cookielawinfo-checkbox-analytics, cookielawinfo-checkbox-others, viewed_cookie_policy);<\/span><\/p>\n<p>(b) <span style=\"font-weight: 400;\"><strong>Werbung<\/strong> \u2013 Wir verwenden Cookies, um Ihnen f\u00fcr Sie relevante Werbung anzuzeigen (zu diesem Zweck verwendete Cookies sind: NID, _dc_gtm_UA, test_cookie, bscookie, _fbp, fr, UserMatchHistory, AnalyticsSyncHistory, li-gc);<\/span><\/p>\n<p>(c) <span style=\"font-weight: 400;\"><strong>Analyse<\/strong> \u2013 Wir verwenden Cookies, um die Nutzung und Leistung unserer Website und unserer Dienste zu analysieren (zu diesem Zweck verwendete Cookies sind: _ga; und _gat, _dc_gtm_UA, _ga_Q45KD48DB6, _gid, _gat_UA-, _gid); und <\/span><span style=\"font-weight: 400;\">Leistung \u2013 Wir verwenden Cookies, um die Leistung unserer Website zu bewerten (zu diesem Zweck verwendete Cookies sind: _gid);<\/span><\/p>\n<p><span style=\"font-weight: 400;\">Identifizierung \u2013 Um Sicherheitseinstellungen auf Kundenbasis anzuwenden (zu diesem Zweck verwendete Cookies sind: _gid, viewed_cookie_policy).<\/span><\/p>\n<p>(d) <span style=\"font-weight: 400;\">[<strong>Cookie-Zustimmung<\/strong> \u2013 Wir verwenden Cookies, um Ihre Pr\u00e4ferenzen in Bezug auf die Verwendung von Cookies im Allgemeinen zu speichern (zu diesem Zweck verwendete Cookies sind: cookielawinfo-checkbox-advertisement, cookielawinfo-checkbox-neccessary, cookielawinfo-checkbox-functional, cookielawinfo-checkbox-performance, cookielawinfo-checkbox-analytics, cookielawinfo-checkbox-others, viewed_cookie_policy).<\/span><\/p>\n<h3>4. <span style=\"font-weight: 400;\">\u00a0<strong>Von unseren Dienstleistern verwendete Cookies<\/strong><\/span><\/h3>\n<p><span style=\"font-weight: 400;\">Unsere Dienstleister verwenden Cookies, die beim Besuch unserer Website auf Ihrem Computer gespeichert werden k\u00f6nnen.<\/span><\/p>\n<p><span style=\"font-weight: 400;\">Wir verwenden Google Analytics. Google Analytics sammelt mithilfe von Cookies Informationen \u00fcber die Nutzung unserer Website. Die gesammelten Informationen werden verwendet, um Berichte \u00fcber die Nutzung unserer Website zu erstellen. Weitere Informationen zur Verwendung von Informationen durch Google finden Sie unter https:\/\/www.google.com\/policies\/privacy\/partners\/. Die Datenschutzerkl\u00e4rung von Google k\u00f6nnen Sie unter https:\/\/policies.google.com\/privacy. einsehen. Die relevanten Cookies sind: _ga, _gid, _gat.<\/span><\/p>\n<p><span style=\"font-weight: 400;\">Wir verwenden auf unserer Website ein Facebook-Pixel. Mithilfe des Pixels sammelt Facebook Informationen \u00fcber die Nutzer und die Nutzung unserer Website. Die Informationen werden verwendet, um Facebook-Werbung zu personalisieren und die Nutzung unserer Website zu analysieren. Weitere Informationen zum Facebook-Pixel und zur Verwendung personenbezogener Daten durch Facebook im Allgemeinen finden Sie in der Cookie-Richtlinie von Facebook unter <a href=\"https:\/\/www.facebook.com\/policies\/cookies\/\">https:\/\/www.facebook.com\/policies\/cookies\/<\/a> und in der Datenschutzerkl\u00e4rung von Facebook unter <a href=\"https:\/\/www.facebook.com\/about\/privacy\">https:\/\/www.facebook.com\/about\/privacy<\/a>. Die Cookie-Richtlinie con Facebook enth\u00e4lt Informationen dar\u00fcber, wie Sie die Verwendung von Cookies durch Facebook zur Anzeige von Werbung steuern k\u00f6nnen. Wenn Sie ein registrierter Facebook-Nutzer sind, k\u00f6nnen Sie die Ausrichtung von Werbung anpassen, indem Sie die Anweisungen unter https:\/\/www.facebook.com\/help\/568137493302217 befolgen.<\/span><\/p>\n<h3>5. <strong>Verwaltung von Cookies<\/strong><\/h3>\n<p><span style=\"font-weight: 400;\">Die meisten Browser erm\u00f6glichen es Ihnen, Cookies abzulehnen und zu l\u00f6schen. Die Methoden hierf\u00fcr variieren von Browser zu Browser und von Version zu Version. Aktuelle Informationen zum Blockieren und L\u00f6schen von Cookies finden Sie jedoch unter folgenden Links:<\/span><\/p>\n<p>(a) <a href=\"https:\/\/support.google.com\/chrome\/answer\/95647\" target=\"_blank\" rel=\"noopener\">https:\/\/support.google.com\/chrome\/answer\/95647<\/a> (Chrome);<br \/>\n(b) <a href=\"https:\/\/support.mozilla.org\/en-US\/kb\/enable-and-disable-cookies-website-preferences\" target=\"_blank\" rel=\"noopener\">https:\/\/support.mozilla.org\/en-US\/kb\/enable-and-disable-cookies-website-preferences<\/a> (Firefox);<br \/>\n(c) <a href=\"https:\/\/help.opera.com\/en\/latest\/security-and-privacy\/\" target=\"_blank\" rel=\"noopener\">https:\/\/help.opera.com\/en\/latest\/security-and-privacy\/<\/a> (Opera);<br \/>\n(d) <a href=\"https:\/\/support.microsoft.com\/en-gb\/help\/17442\/windows-internet-explorer-delete-manage-cookies\" target=\"_blank\" rel=\"noopener\">https:\/\/support.microsoft.com\/en-gb\/help\/17442\/windows-internet-explorer-delete-manage-cookies<\/a> (Internet Explorer);<br \/>\n(e) <a href=\"https:\/\/support.apple.com\/en-gb\/guide\/safari\/manage-cookies-and-website-data-sfri11471\/mac\" target=\"_blank\" rel=\"noopener\">https:\/\/support.apple.com\/en-gb\/guide\/safari\/manage-cookies-and-website-data-sfri11471\/mac<\/a> (Safari); <span style=\"font-weight: 400;\">und<\/span><br \/>\n(f) <a href=\"https:\/\/privacy.microsoft.com\/en-us\/windows-10-microsoft-edge-and-privacy\" target=\"_blank\" rel=\"noopener\">https:\/\/privacy.microsoft.com\/en-us\/windows-10-microsoft-edge-and-privacy<\/a> (Edge).<\/p>\n<p><span style=\"font-weight: 400;\">Das Blockieren aller Cookies hat negative Auswirkungen auf die Nutzbarkeit vieler Websites.<\/span><\/p>\n<p><span style=\"font-weight: 400;\">Wenn Sie Cookies blockieren, k\u00f6nnen Sie nicht alle Funktionen unserer Website nutzen.<\/span><\/p>\n<h3>6. <strong>Cookie-Einstellungen<\/strong><\/h3>\n<p><span style=\"font-weight: 400;\">Sie k\u00f6nnen Ihre Einstellungen bez\u00fcglich der Verwendung von Cookies auf unserer Website verwalten, indem Sie auf die Schaltfl\u00e4che unten auf der Website klicken.<\/span><\/p>\n<h3>7. <strong>Unsere Kontaktdaten<\/strong><\/h3>\n<p><span style=\"font-weight: 400;\">Diese Website ist Eigentum von Rhokett Limited und wird von diesem Unternehmen betrieben.<\/span><\/p>\n<p><span style=\"font-weight: 400;\">Wir sind in England und Wales unter der Registrierungsnummer 04524677 registriert und unser Firmensitz befindet sich in Hawkhurst Station Business Park, Gills Green, Hawkhurst, Kent, TN18 5BD, England.<\/span><\/p>\n<p><span style=\"font-weight: 400;\">Unser Hauptgesch\u00e4ftssitz befindet sich an der oben genannten Adresse.<\/span><\/p>\n<p><span style=\"font-weight: 400;\">Sie k\u00f6nnen uns kontaktieren:<\/span><\/p>\n<p><span style=\"font-weight: 400;\">(a) per Post an die oben angegebene Postanschrift;<br \/>\n<\/span><span style=\"font-weight: 400;\">(b) \u00fcber das Kontaktformular auf unserer Website;<br \/>\n<\/span><span style=\"font-weight: 400;\">(c) telefonisch unter der auf unserer Website angegebenen Telefonnummer; oder<br \/>\n<\/span>(d) per E-Mail \u00fcber die auf unserer Website angegebene E-Mail-Adresse.<\/p>\n    <\/div>\n<\/section>","protected":false},"excerpt":{"rendered":"","protected":false},"author":2,"featured_media":0,"parent":0,"menu_order":0,"comment_status":"closed","ping_status":"closed","template":"","meta":{"_acf_changed":false,"footnotes":""},"class_list":["post-581","page","type-page","status-publish","hentry"],"acf":[],"yoast_head":"<!-- This site is optimized with the Yoast SEO plugin v26.3 - https:\/\/yoast.com\/wordpress\/plugins\/seo\/ -->\n<title>Rhokett | Cookies Policy<\/title>\n<meta name=\"description\" content=\"Read our cookie policy for information on what we collect to improve your experience on the Rhokett website.\" \/>\n<meta name=\"robots\" content=\"index, follow, max-snippet:-1, max-image-preview:large, max-video-preview:-1\" \/>\n<link rel=\"canonical\" href=\"https:\/\/www.rhokett.co.uk\/de\/cookies-policy\/\" \/>\n<meta property=\"og:locale\" content=\"de_DE\" \/>\n<meta property=\"og:type\" content=\"article\" \/>\n<meta property=\"og:title\" content=\"Rhokett | Cookies Policy\" \/>\n<meta property=\"og:description\" content=\"Read our cookie policy for information on what we collect to improve your experience on the Rhokett website.\" \/>\n<meta property=\"og:url\" content=\"https:\/\/www.rhokett.co.uk\/de\/cookies-policy\/\" \/>\n<meta property=\"og:site_name\" content=\"Rhokett\" \/>\n<meta property=\"article:modified_time\" content=\"2025-10-10T13:55:30+00:00\" \/>\n<meta name=\"twitter:card\" content=\"summary_large_image\" \/>\n<script type=\"application\/ld+json\" class=\"yoast-schema-graph\">{\"@context\":\"https:\/\/schema.org\",\"@graph\":[{\"@type\":\"WebPage\",\"@id\":\"https:\/\/www.rhokett.co.uk\/de\/cookies-policy\/\",\"url\":\"https:\/\/www.rhokett.co.uk\/de\/cookies-policy\/\",\"name\":\"Rhokett | Cookies Policy\",\"isPartOf\":{\"@id\":\"https:\/\/www.rhokett.co.uk\/de\/#website\"},\"datePublished\":\"2022-09-26T10:08:01+00:00\",\"dateModified\":\"2025-10-10T13:55:30+00:00\",\"description\":\"Read our cookie policy for information on what we collect to improve your experience on the Rhokett website.\",\"breadcrumb\":{\"@id\":\"https:\/\/www.rhokett.co.uk\/de\/cookies-policy\/#breadcrumb\"},\"inLanguage\":\"de-DE\",\"potentialAction\":[{\"@type\":\"ReadAction\",\"target\":[\"https:\/\/www.rhokett.co.uk\/de\/cookies-policy\/\"]}]},{\"@type\":\"BreadcrumbList\",\"@id\":\"https:\/\/www.rhokett.co.uk\/de\/cookies-policy\/#breadcrumb\",\"itemListElement\":[{\"@type\":\"ListItem\",\"position\":1,\"name\":\"Home\",\"item\":\"https:\/\/www.rhokett.co.uk\/de\/\"},{\"@type\":\"ListItem\",\"position\":2,\"name\":\"Cookie-Richtlinie\"}]},{\"@type\":\"WebSite\",\"@id\":\"https:\/\/www.rhokett.co.uk\/de\/#website\",\"url\":\"https:\/\/www.rhokett.co.uk\/de\/\",\"name\":\"Rhokett\",\"description\":\"Home of Exquisite Desserts\",\"potentialAction\":[{\"@type\":\"SearchAction\",\"target\":{\"@type\":\"EntryPoint\",\"urlTemplate\":\"https:\/\/www.rhokett.co.uk\/de\/?s={search_term_string}\"},\"query-input\":{\"@type\":\"PropertyValueSpecification\",\"valueRequired\":true,\"valueName\":\"search_term_string\"}}],\"inLanguage\":\"de-DE\"}]}<\/script>\n<!-- \/ Yoast SEO plugin. -->","yoast_head_json":{"title":"Rhokett | Cookies Policy","description":"Read our cookie policy for information on what we collect to improve your experience on the Rhokett website.","robots":{"index":"index","follow":"follow","max-snippet":"max-snippet:-1","max-image-preview":"max-image-preview:large","max-video-preview":"max-video-preview:-1"},"canonical":"https:\/\/www.rhokett.co.uk\/de\/cookies-policy\/","og_locale":"de_DE","og_type":"article","og_title":"Rhokett | Cookies Policy","og_description":"Read our cookie policy for information on what we collect to improve your experience on the Rhokett website.","og_url":"https:\/\/www.rhokett.co.uk\/de\/cookies-policy\/","og_site_name":"Rhokett","article_modified_time":"2025-10-10T13:55:30+00:00","twitter_card":"summary_large_image","schema":{"@context":"https:\/\/schema.org","@graph":[{"@type":"WebPage","@id":"https:\/\/www.rhokett.co.uk\/de\/cookies-policy\/","url":"https:\/\/www.rhokett.co.uk\/de\/cookies-policy\/","name":"Rhokett | Cookies Policy","isPartOf":{"@id":"https:\/\/www.rhokett.co.uk\/de\/#website"},"datePublished":"2022-09-26T10:08:01+00:00","dateModified":"2025-10-10T13:55:30+00:00","description":"Read our cookie policy for information on what we collect to improve your experience on the Rhokett website.","breadcrumb":{"@id":"https:\/\/www.rhokett.co.uk\/de\/cookies-policy\/#breadcrumb"},"inLanguage":"de-DE","potentialAction":[{"@type":"ReadAction","target":["https:\/\/www.rhokett.co.uk\/de\/cookies-policy\/"]}]},{"@type":"BreadcrumbList","@id":"https:\/\/www.rhokett.co.uk\/de\/cookies-policy\/#breadcrumb","itemListElement":[{"@type":"ListItem","position":1,"name":"Home","item":"https:\/\/www.rhokett.co.uk\/de\/"},{"@type":"ListItem","position":2,"name":"Cookie-Richtlinie"}]},{"@type":"WebSite","@id":"https:\/\/www.rhokett.co.uk\/de\/#website","url":"https:\/\/www.rhokett.co.uk\/de\/","name":"Rhokett","description":"Home of Exquisite Desserts","potentialAction":[{"@type":"SearchAction","target":{"@type":"EntryPoint","urlTemplate":"https:\/\/www.rhokett.co.uk\/de\/?s={search_term_string}"},"query-input":{"@type":"PropertyValueSpecification","valueRequired":true,"valueName":"search_term_string"}}],"inLanguage":"de-DE"}]}},"_links":{"self":[{"href":"https:\/\/www.rhokett.co.uk\/de\/wp-json\/wp\/v2\/pages\/581","targetHints":{"allow":["GET"]}}],"collection":[{"href":"https:\/\/www.rhokett.co.uk\/de\/wp-json\/wp\/v2\/pages"}],"about":[{"href":"https:\/\/www.rhokett.co.uk\/de\/wp-json\/wp\/v2\/types\/page"}],"author":[{"embeddable":true,"href":"https:\/\/www.rhokett.co.uk\/de\/wp-json\/wp\/v2\/users\/2"}],"replies":[{"embeddable":true,"href":"https:\/\/www.rhokett.co.uk\/de\/wp-json\/wp\/v2\/comments?post=581"}],"version-history":[{"count":2,"href":"https:\/\/www.rhokett.co.uk\/de\/wp-json\/wp\/v2\/pages\/581\/revisions"}],"predecessor-version":[{"id":887,"href":"https:\/\/www.rhokett.co.uk\/de\/wp-json\/wp\/v2\/pages\/581\/revisions\/887"}],"wp:attachment":[{"href":"https:\/\/www.rhokett.co.uk\/de\/wp-json\/wp\/v2\/media?parent=581"}],"curies":[{"name":"wp","href":"https:\/\/api.w.org\/{rel}","templated":true}]}}