{"id":577,"date":"2022-10-04T15:51:33","date_gmt":"2022-10-04T14:51:33","guid":{"rendered":"https:\/\/staging.tannwestlake.net\/rhokett\/thank-you\/"},"modified":"2025-10-09T16:03:38","modified_gmt":"2025-10-09T15:03:38","slug":"thank-you","status":"publish","type":"page","link":"https:\/\/www.rhokett.co.uk\/de\/thank-you\/","title":{"rendered":"Thank you"},"content":{"rendered":"<section class=\"heading hn-hidden\">\n    <div class=\"wrapper\">\n        <div class=\"heading__title\"><h1><b>Vielen <em>Dank<\/em><\/b><\/h1>\n<\/div>\n        <div class=\"heading__text\"><h3><em>Wir freuen uns, dass Sie Rhokett kontaktiert haben.<\/em><\/h3>\n<p><span style=\"font-weight: 400;\">Das Team wird sich so schnell wie m\u00f6glich mit Ihnen in Verbindung setzen. In der Zwischenzeit k\u00f6nnen Sie sich gerne unser Angebot an au\u00dfergew\u00f6hnlichen Desserts ansehen.<\/span><span style=\"font-weight: 400;\"><br \/>\n<\/span><\/p>\n<\/div>\n        <a href=\"https:\/\/www.rhokett.co.uk\/products\/\" class=\"button\" target=\"_self\">Entdecken Sie das Sortiment<\/a>    <\/div>\n<\/section>\n\n<section class=\"page-break page-break--noline\">\n    <div class=\"wrapper\">\n        <hr class=\"dotted\">\n    <\/div>\n<\/section>\n\n<section class=\"page-break page-break--noline\">\n    <div class=\"wrapper\">\n        <hr class=\"dotted\">\n    <\/div>\n<\/section>\n\n<section class=\"image-text image-text--marble-dark image-text--image--left image-text--width--normal\">\n    <div class=\"wrapper\">\n        <div class=\"row align-items align-items--center\">\n            <div class=\"offset-sm-7 col-sm-5 image-text__text hn-hidden\">\n                <div class=\"image-text__title\">\n                    <h2><b><em>Vers\u00fc\u00dfen<\/em>\u00a0Sie Ihre Auswahl<\/b><\/h2>\n                <\/div>\n                <p>Laden Sie unsere Produktbrosch\u00fcren herunter, um unser komplettes Sortiment an Kuchen, Geb\u00e4ck und Desserts zu entdecken. Jede Brosch\u00fcre ist ein detaillierter Leitfaden mit hochwertigen Bildern und Beschreibungen unserer k\u00f6stlichen Leckereien.<\/p>\n<p>Finden Sie die perfekten Optionen, um Ihre Kunden zu begeistern, und entdecken Sie, warum unsere Desserts die ideale Wahl sind.<\/p>\n                                    <a href=\"https:\/\/www.rhokett.co.uk\/de\/product-brochures\/\" class=\"button button--wide\" target=\"_self\">Erfahren Sie mehr<\/a>\n                            <\/div>\n                    <\/div>\n    <\/div>\n            <img decoding=\"async\" src=\"https:\/\/www.rhokett.co.uk\/wp-content\/uploads\/2025\/09\/Brochures.png\" alt=\"\" class=\"image-text__image\">\n        <\/section>","protected":false},"excerpt":{"rendered":"","protected":false},"author":2,"featured_media":0,"parent":0,"menu_order":0,"comment_status":"closed","ping_status":"closed","template":"","meta":{"_acf_changed":false,"footnotes":""},"class_list":["post-577","page","type-page","status-publish","hentry"],"acf":[],"yoast_head":"<!-- This site is optimized with the Yoast SEO plugin v26.3 - https:\/\/yoast.com\/wordpress\/plugins\/seo\/ -->\n<title>Thank you - Rhokett<\/title>\n<meta name=\"robots\" content=\"index, follow, max-snippet:-1, max-image-preview:large, max-video-preview:-1\" \/>\n<link rel=\"canonical\" href=\"https:\/\/www.rhokett.co.uk\/de\/thank-you\/\" \/>\n<meta property=\"og:locale\" content=\"de_DE\" \/>\n<meta property=\"og:type\" content=\"article\" \/>\n<meta property=\"og:title\" content=\"Thank you - Rhokett\" \/>\n<meta property=\"og:url\" content=\"https:\/\/www.rhokett.co.uk\/de\/thank-you\/\" \/>\n<meta property=\"og:site_name\" content=\"Rhokett\" \/>\n<meta property=\"article:modified_time\" content=\"2025-10-09T15:03:38+00:00\" \/>\n<meta name=\"twitter:card\" content=\"summary_large_image\" \/>\n<script type=\"application\/ld+json\" class=\"yoast-schema-graph\">{\"@context\":\"https:\/\/schema.org\",\"@graph\":[{\"@type\":\"WebPage\",\"@id\":\"https:\/\/www.rhokett.co.uk\/de\/thank-you\/\",\"url\":\"https:\/\/www.rhokett.co.uk\/de\/thank-you\/\",\"name\":\"Thank you - Rhokett\",\"isPartOf\":{\"@id\":\"https:\/\/www.rhokett.co.uk\/de\/#website\"},\"datePublished\":\"2022-10-04T14:51:33+00:00\",\"dateModified\":\"2025-10-09T15:03:38+00:00\",\"breadcrumb\":{\"@id\":\"https:\/\/www.rhokett.co.uk\/de\/thank-you\/#breadcrumb\"},\"inLanguage\":\"de-DE\",\"potentialAction\":[{\"@type\":\"ReadAction\",\"target\":[\"https:\/\/www.rhokett.co.uk\/de\/thank-you\/\"]}]},{\"@type\":\"BreadcrumbList\",\"@id\":\"https:\/\/www.rhokett.co.uk\/de\/thank-you\/#breadcrumb\",\"itemListElement\":[{\"@type\":\"ListItem\",\"position\":1,\"name\":\"Home\",\"item\":\"https:\/\/www.rhokett.co.uk\/de\/\"},{\"@type\":\"ListItem\",\"position\":2,\"name\":\"Thank you\"}]},{\"@type\":\"WebSite\",\"@id\":\"https:\/\/www.rhokett.co.uk\/de\/#website\",\"url\":\"https:\/\/www.rhokett.co.uk\/de\/\",\"name\":\"Rhokett\",\"description\":\"Home of Exquisite Desserts\",\"potentialAction\":[{\"@type\":\"SearchAction\",\"target\":{\"@type\":\"EntryPoint\",\"urlTemplate\":\"https:\/\/www.rhokett.co.uk\/de\/?s={search_term_string}\"},\"query-input\":{\"@type\":\"PropertyValueSpecification\",\"valueRequired\":true,\"valueName\":\"search_term_string\"}}],\"inLanguage\":\"de-DE\"}]}<\/script>\n<!-- \/ Yoast SEO plugin. -->","yoast_head_json":{"title":"Thank you - Rhokett","robots":{"index":"index","follow":"follow","max-snippet":"max-snippet:-1","max-image-preview":"max-image-preview:large","max-video-preview":"max-video-preview:-1"},"canonical":"https:\/\/www.rhokett.co.uk\/de\/thank-you\/","og_locale":"de_DE","og_type":"article","og_title":"Thank you - Rhokett","og_url":"https:\/\/www.rhokett.co.uk\/de\/thank-you\/","og_site_name":"Rhokett","article_modified_time":"2025-10-09T15:03:38+00:00","twitter_card":"summary_large_image","schema":{"@context":"https:\/\/schema.org","@graph":[{"@type":"WebPage","@id":"https:\/\/www.rhokett.co.uk\/de\/thank-you\/","url":"https:\/\/www.rhokett.co.uk\/de\/thank-you\/","name":"Thank you - Rhokett","isPartOf":{"@id":"https:\/\/www.rhokett.co.uk\/de\/#website"},"datePublished":"2022-10-04T14:51:33+00:00","dateModified":"2025-10-09T15:03:38+00:00","breadcrumb":{"@id":"https:\/\/www.rhokett.co.uk\/de\/thank-you\/#breadcrumb"},"inLanguage":"de-DE","potentialAction":[{"@type":"ReadAction","target":["https:\/\/www.rhokett.co.uk\/de\/thank-you\/"]}]},{"@type":"BreadcrumbList","@id":"https:\/\/www.rhokett.co.uk\/de\/thank-you\/#breadcrumb","itemListElement":[{"@type":"ListItem","position":1,"name":"Home","item":"https:\/\/www.rhokett.co.uk\/de\/"},{"@type":"ListItem","position":2,"name":"Thank you"}]},{"@type":"WebSite","@id":"https:\/\/www.rhokett.co.uk\/de\/#website","url":"https:\/\/www.rhokett.co.uk\/de\/","name":"Rhokett","description":"Home of Exquisite Desserts","potentialAction":[{"@type":"SearchAction","target":{"@type":"EntryPoint","urlTemplate":"https:\/\/www.rhokett.co.uk\/de\/?s={search_term_string}"},"query-input":{"@type":"PropertyValueSpecification","valueRequired":true,"valueName":"search_term_string"}}],"inLanguage":"de-DE"}]}},"_links":{"self":[{"href":"https:\/\/www.rhokett.co.uk\/de\/wp-json\/wp\/v2\/pages\/577","targetHints":{"allow":["GET"]}}],"collection":[{"href":"https:\/\/www.rhokett.co.uk\/de\/wp-json\/wp\/v2\/pages"}],"about":[{"href":"https:\/\/www.rhokett.co.uk\/de\/wp-json\/wp\/v2\/types\/page"}],"author":[{"embeddable":true,"href":"https:\/\/www.rhokett.co.uk\/de\/wp-json\/wp\/v2\/users\/2"}],"replies":[{"embeddable":true,"href":"https:\/\/www.rhokett.co.uk\/de\/wp-json\/wp\/v2\/comments?post=577"}],"version-history":[{"count":1,"href":"https:\/\/www.rhokett.co.uk\/de\/wp-json\/wp\/v2\/pages\/577\/revisions"}],"predecessor-version":[{"id":869,"href":"https:\/\/www.rhokett.co.uk\/de\/wp-json\/wp\/v2\/pages\/577\/revisions\/869"}],"wp:attachment":[{"href":"https:\/\/www.rhokett.co.uk\/de\/wp-json\/wp\/v2\/media?parent=577"}],"curies":[{"name":"wp","href":"https:\/\/api.w.org\/{rel}","templated":true}]}}